{"id":1437,"date":"2022-12-14T11:34:49","date_gmt":"2022-12-14T10:34:49","guid":{"rendered":"https:\/\/nemesisexologia.com\/avis-legal\/"},"modified":"2025-06-30T10:21:56","modified_gmt":"2025-06-30T08:21:56","slug":"avis-legal","status":"publish","type":"page","link":"https:\/\/nemesisexologia.com\/ca\/avis-legal\/","title":{"rendered":"Av\u00eds legal"},"content":{"rendered":"\t\t<div data-elementor-type=\"wp-page\" data-elementor-id=\"1437\" class=\"elementor elementor-1437 elementor-26\" data-elementor-post-type=\"page\">\n\t\t\t\t<div class=\"elementor-element elementor-element-2e4cf69 e-flex e-con-boxed e-con e-parent\" data-id=\"2e4cf69\" data-element_type=\"container\">\n\t\t\t\t\t<div class=\"e-con-inner\">\n\t\t\t\t<div class=\"elementor-element elementor-element-6d0598a elementor-widget elementor-widget-heading\" data-id=\"6d0598a\" data-element_type=\"widget\" data-widget_type=\"heading.default\">\n\t\t\t\t<div class=\"elementor-widget-container\">\n\t\t\t\t\t<h2 class=\"elementor-heading-title elementor-size-default\">Av\u00eds legal<\/h2>\t\t\t\t<\/div>\n\t\t\t\t<\/div>\n\t\t\t\t<div class=\"elementor-element elementor-element-6743a24 elementor-align-left elementor-widget elementor-widget-breadcrumbs\" data-id=\"6743a24\" data-element_type=\"widget\" data-widget_type=\"breadcrumbs.default\">\n\t\t\t\t<div class=\"elementor-widget-container\">\n\t\t\t\t\t<p id=\"breadcrumbs\"><span><span><a href=\"https:\/\/nemesisexologia.com\/ca\/\">Portada<\/a><\/span><\/span><\/p>\t\t\t\t<\/div>\n\t\t\t\t<\/div>\n\t\t\t\t\t<\/div>\n\t\t\t\t<\/div>\n\t\t\t\t<section class=\"elementor-section elementor-top-section elementor-element elementor-element-815d7dd elementor-section-boxed elementor-section-height-default elementor-section-height-default\" data-id=\"815d7dd\" data-element_type=\"section\">\n\t\t\t\t\t\t<div class=\"elementor-container elementor-column-gap-default\">\n\t\t\t\t\t<div class=\"elementor-column elementor-col-100 elementor-top-column elementor-element elementor-element-43fc03e\" data-id=\"43fc03e\" data-element_type=\"column\">\n\t\t\t<div class=\"elementor-widget-wrap elementor-element-populated\">\n\t\t\t\t\t\t<div class=\"elementor-element elementor-element-09d63ae elementor-widget elementor-widget-text-editor\" data-id=\"09d63ae\" data-element_type=\"widget\" data-widget_type=\"text-editor.default\">\n\t\t\t\t<div class=\"elementor-widget-container\">\n\t\t\t\t\t\t\t\t\t<h2>LEY DE LOS SERVICIOS DE LA SOCIEDAD DE LA INFORMACI\u00d3N (LSSI)<\/h2>\n<p><span class=\"il\">NEMSIS <\/span>INSTITUT DE SEXOLOGIA, SL, responsable del lloc web, d&#8217;ara endavant RESPONSABLE, posa a disposici\u00f3 dels usuaris aquest document, amb el qual pret\u00e9n donar compliment a les obligacions disposades en la Llei 34\/2002, d&#8217;11 de juliol, de Serveis de la Societat de la Informaci\u00f3 i de Comer\u00e7 Electr\u00f2nic (LSSICE), BO6 quines s\u00f3n les condicions d\u00fas.<\/p>\n<p>Tota persona que accedeixi a aquest lloc web assumeix el paper d&#8217;usuari, comprometent-se a l&#8217;observan\u00e7a i el compliment rigor\u00f3s de les disposicions aqu\u00ed disposades, aix\u00ed com a qualsevol altra disposici\u00f3 legal que sigui aplicable.<\/p>\n<p><span class=\"il\">NEMESIS<\/span> INSTITUT DE SEXOLOGIA, SL es reserva el dret de modificar qualsevol tipus d&#8217;informaci\u00f3 que pogu\u00e9s apar\u00e8ixer al lloc web, sense que hi hagi obligaci\u00f3 de preavisar o posar en coneixement dels usuaris aquestes obligacions, entenent-se com a suficient amb la publicaci\u00f3 al lloc web de <span class=\"il\">NEMESIS<\/span> INSTITUT DE SEXOLOGIA, SL.<\/p>\n<h3>1. DADES IDENTIFICATIVES<\/h3>\n<p>Nombre de dominio: nemesisexologia.com<br \/>Nombre comercial: NEMESIS Institut de Sexolog\u00eda<br \/>Denominaci\u00f3n social: <span class=\"il\">NEMESIS<\/span> INSTITUT DE SEXOLOGIA, SL<br \/>NIF: B13838685<br \/>Domicilio social: c\/ Llu\u00eds Companys, n2. Planta Al, porta 1.<br \/>CP: 25003, Lleida (Lleida)<br \/>Tel\u00e8fon: 611 129 332<br \/>Correu electr\u00f2nic: maria@nemesisexologia.com<br \/>Inscrita al Registre (Mercantil \/ P\u00fablic): <\/p>\n<h3>2. DRETS DE PROPIETAT INTEL\u00b7LECTUAL I INDUSTRIAL<\/h3>\n<p>El lloc web, incloent-hi a t\u00edtol enunciatiu per\u00f2 no limitatiu la seva programaci\u00f3, edici\u00f3, compilaci\u00f3 i altres elements necessaris per al seu funcionament, els dissenys, logotips, text i\/o gr\u00e0fics, s\u00f3n propietat del RESPONSABLE o, si escau, disposa de llic\u00e8ncia o autoritzaci\u00f3 expressa per part dels autors. Tots els continguts del lloc web es troben degudament protegits per la normativa de propietat intel\u00b7lectual i industrial, aix\u00ed com inscrits als registres p\u00fablics corresponents.<\/p>\n<p>Independentment de la finalitat per a la qual fossin destinats, la reproducci\u00f3 total o parcial, \u00fas, explotaci\u00f3, distribuci\u00f3 i comercialitzaci\u00f3 requereix en tot cas l&#8217;autoritzaci\u00f3 escrita pr\u00e8via per part del RESPONSABLE. Qualsevol \u00fas no autoritzat pr\u00e8viament es considera un incompliment greu dels drets de propietat intel\u00b7lectual o industrial de lautor.<\/p>\n<p>Els dissenys, logotips, text i\/o gr\u00e0fics aliens al RESPONSABLE i que poguessin apar\u00e8ixer al lloc web, pertanyen als seus respectius propietaris, sent ells mateixos responsables de qualsevol possible controv\u00e8rsia que pogu\u00e9s suscitar-se respecte a aquests. El RESPONSABLE autoritza expressament que tercers puguin redirigir directament els continguts concrets del lloc web, i en tot cas redirigir al lloc web principal de nemesisexologia.com<\/p>\n<p>El RESPONSABLE reconeix a favor dels seus titulars els corresponents drets de propietat intel\u00b7lectual i industrial, i no implica la seva sola menci\u00f3 o aparici\u00f3 al lloc web l&#8217;exist\u00e8ncia de drets o responsabilitat sobre aquests, com tampoc suport, patrocini o recomanaci\u00f3 per part del mateix.<\/p>\n<p>Per fer qualsevol tipus d&#8217;observaci\u00f3 respecte a possibles incompliments dels drets de propietat intel\u00b7lectual o industrial, aix\u00ed com sobre qualsevol dels continguts del lloc web, ho podeu fer a trav\u00e9s del correu electr\u00f2nic maria@nemesisexologia.com.<\/p>\n<h3>3. EXEMPCI\u00d3 DE RESPONSABILITATS<\/h3>\n<p>El RESPONSABLE s&#8217;eximeix de qualsevol tipus de responsabilitat derivada de la informaci\u00f3 publicada al vostre lloc web sempre que aquesta informaci\u00f3 hagi estat manipulada o introdu\u00efda per un tercer ali\u00e8 al mateix.<\/p>\n<h4>\u00das de cookies<\/h4>\n<p>Aquest lloc web pot utilitzar cookies t\u00e8cniques (petits arxius dinformaci\u00f3 que el servidor envia a lordinador de qui accedeix a la p\u00e0gina) per dur a terme determinades funcions que s\u00f3n considerades imprescindibles per al correcte funcionament i visualitzaci\u00f3 del lloc. Les galetes utilitzades tenen, en tot cas, car\u00e0cter temporal, amb l&#8217;\u00fanica finalitat de fer m\u00e9s efica\u00e7 la navegaci\u00f3, i desapareixen en acabar la sessi\u00f3 de l&#8217;usuari. En cap cas, aquestes galetes proporcionen per si mateixes dades de car\u00e0cter personal i no s&#8217;utilitzaran per a la recollida dels mateixos.<\/p>\n<p>Mitjan\u00e7ant l&#8217;\u00fas de cookies tamb\u00e9 \u00e9s possible que el servidor on es troba la web reconegui el navegador utilitzat per l&#8217;usuari amb la finalitat que la navegaci\u00f3 sigui m\u00e9s senzilla, permetent, per exemple, l&#8217;acc\u00e9s dels usuaris que s&#8217;hagin registrat pr\u00e8viament a les \u00e0rees, serveis, promocions o concursos reservats exclusivament a aquests sense haver de registrar-se a cada visita. Tamb\u00e9 es poden utilitzar per mesurar l&#8217;audi\u00e8ncia, els par\u00e0metres de tr\u00e0nsit, controlar el progr\u00e9s i el nombre d&#8217;entrades, etc, sent en aquests casos galetes prescindibles t\u00e8cnicament per\u00f2 beneficioses per a l&#8217;usuari. Aquest lloc web no instal\u00b7lar\u00e0 cookies prescindibles sense el consentiment previ de l&#8217;usuari.<\/p>\n<p>L&#8217;usuari t\u00e9 la possibilitat de configurar el vostre navegador per ser alertat de la recepci\u00f3 de cookies i per impedir la seva instal\u00b7laci\u00f3 al vostre equip. Si us plau, consulteu les instruccions del vostre navegador per ampliar aquesta informaci\u00f3.<\/p>\n<h4>Pol\u00edtica d&#8217;enlla\u00e7os<\/h4>\n<p>Des del lloc web, \u00e9s possible que es redirigeixi a continguts de tercers llocs web. At\u00e8s que el RESPONSABLE no pot controlar sempre els continguts introdu\u00efts pels tercers als seus respectius llocs web, no assumeix cap tipus de responsabilitat respecte a aquests continguts. En tot cas, procedir\u00e0 a la retirada immediata de qualsevol contingut que pogu\u00e9s contravenir la legislaci\u00f3 nacional o internacional, la moral o l&#8217;ordre p\u00fablic, procedint a la retirada immediata de la redirecci\u00f3 a aquest lloc web, posant en coneixement de les autoritats competents el contingut en q\u00fcesti\u00f3.<\/p>\n<p>El RESPONSABLE no es fa responsable de la informaci\u00f3 i continguts emmagatzemats, a t\u00edtol enunciatiu per\u00f2 no limitatiu, en f\u00f2rums, xats, generadors de blocs, comentaris, xarxes socials o qualsevol altre mitj\u00e0 que permeti a tercers publicar continguts de forma independent a la p\u00e0gina web del RESPONSABLE. No obstant aix\u00f2, i en compliment del que disposen els articles 11 i 16 de la LSSICE, es posa a disposici\u00f3 de tots els usuaris, autoritats i forces de seguretat, col\u00b7laborant de manera activa en la retirada o, si escau, bloqueig de tots aquells continguts que puguin afectar o contravenir la legislaci\u00f3 nacional o internacional, els drets de tercers o la moral i l&#8217;ordre p\u00fablic. En cas que l&#8217;usuari consideri que hi ha al lloc web algun contingut que pogu\u00e9s ser susceptible d&#8217;aquesta classificaci\u00f3, es prega que ho notifiqui de manera immediata a l&#8217;administrador del lloc web.<\/p>\n<p>Aquest lloc web ha estat revisat i provat perqu\u00e8 funcioni correctament. En principi, es pot garantir el funcionament correcte els 365 dies de l&#8217;any, 24 hores al dia. Tot i aix\u00f2, el RESPONSABLE no descarta la possibilitat que hi hagi certs errors de programaci\u00f3, o que esdevinguin causes de for\u00e7a major, cat\u00e0strofes naturals, vagues o circumst\u00e0ncies semblants que facin impossible l&#8217;acc\u00e9s a la p\u00e0gina web.<\/p>\n<h4>Direcciones IP<\/h4>\n<p>Els servidors del lloc web podran detectar autom\u00e0ticament l&#8217;adre\u00e7a IP i el nom de domini utilitzats per l&#8217;usuari. Una adre\u00e7a IP \u00e9s un n\u00famero assignat autom\u00e0ticament a un ordinador quan aquest es connecta a Internet. Tota aquesta informaci\u00f3 es registra en un fitxer d&#8217;activitat del servidor degudament inscrit que permet el processament posterior de les dades per tal d&#8217;obtenir mesures \u00fanicament estad\u00edstiques que permetin con\u00e8ixer el nombre d&#8217;impressions de p\u00e0gines, el nombre de visites realitzades als servidors web, l&#8217;ordre de visites, el punt d&#8217;acc\u00e9s, etc.<\/p>\n<h3>4. LLEI APLICABLE I JURISDICCI\u00d3<\/h3>\n<p>Per a la resoluci\u00f3 de totes les controv\u00e8rsies o q\u00fcestions relacionades amb el present lloc web o de les activitats que s&#8217;hi desenvolupin, ser\u00e0 aplicable la legislaci\u00f3 espanyola, a la qual se sotmeten expressament les parts, sent competents per a la resoluci\u00f3 de tots els conflictes derivats o relacionats amb el seu \u00fas els jutjats i tribunals m\u00e9s propers a Lleida.<\/p>\n\t\t\t\t\t\t\t\t<\/div>\n\t\t\t\t<\/div>\n\t\t\t\t\t<\/div>\n\t\t<\/div>\n\t\t\t\t\t<\/div>\n\t\t<\/section>\n\t\t\t\t<\/div>\n\t\t","protected":false},"excerpt":{"rendered":"<p>Av\u00eds legal LEY DE LOS SERVICIOS DE LA SOCIEDAD DE LA INFORMACI\u00d3N (LSSI) NEMSIS INSTITUT DE SEXOLOGIA, SL, responsable del lloc web, d&#8217;ara endavant RESPONSABLE, posa a disposici\u00f3 dels usuaris aquest document, amb el qual pret\u00e9n donar compliment a les obligacions disposades en la Llei 34\/2002, d&#8217;11 de juliol, de Serveis de la Societat de [&hellip;]<\/p>\n","protected":false},"author":1,"featured_media":0,"parent":0,"menu_order":4,"comment_status":"closed","ping_status":"closed","template":"","meta":{"_acf_changed":false,"site-sidebar-layout":"default","site-content-layout":"page-builder","ast-site-content-layout":"default","site-content-style":"default","site-sidebar-style":"default","ast-global-header-display":"","ast-banner-title-visibility":"","ast-main-header-display":"","ast-hfb-above-header-display":"","ast-hfb-below-header-display":"","ast-hfb-mobile-header-display":"","site-post-title":"","ast-breadcrumbs-content":"","ast-featured-img":"","footer-sml-layout":"","theme-transparent-header-meta":"default","adv-header-id-meta":"","stick-header-meta":"","header-above-stick-meta":"","header-main-stick-meta":"","header-below-stick-meta":"","astra-migrate-meta-layouts":"default","ast-page-background-enabled":"default","ast-page-background-meta":{"desktop":{"background-color":"var(--ast-global-color-4)","background-image":"","background-repeat":"repeat","background-position":"center center","background-size":"auto","background-attachment":"scroll","background-type":"","background-media":"","overlay-type":"","overlay-color":"","overlay-opacity":"","overlay-gradient":""},"tablet":{"background-color":"","background-image":"","background-repeat":"repeat","background-position":"center center","background-size":"auto","background-attachment":"scroll","background-type":"","background-media":"","overlay-type":"","overlay-color":"","overlay-opacity":"","overlay-gradient":""},"mobile":{"background-color":"","background-image":"","background-repeat":"repeat","background-position":"center center","background-size":"auto","background-attachment":"scroll","background-type":"","background-media":"","overlay-type":"","overlay-color":"","overlay-opacity":"","overlay-gradient":""}},"ast-content-background-meta":{"desktop":{"background-color":"var(--ast-global-color-5)","background-image":"","background-repeat":"repeat","background-position":"center center","background-size":"auto","background-attachment":"scroll","background-type":"","background-media":"","overlay-type":"","overlay-color":"","overlay-opacity":"","overlay-gradient":""},"tablet":{"background-color":"var(--ast-global-color-5)","background-image":"","background-repeat":"repeat","background-position":"center center","background-size":"auto","background-attachment":"scroll","background-type":"","background-media":"","overlay-type":"","overlay-color":"","overlay-opacity":"","overlay-gradient":""},"mobile":{"background-color":"var(--ast-global-color-5)","background-image":"","background-repeat":"repeat","background-position":"center center","background-size":"auto","background-attachment":"scroll","background-type":"","background-media":"","overlay-type":"","overlay-color":"","overlay-opacity":"","overlay-gradient":""}},"footnotes":""},"class_list":["post-1437","page","type-page","status-publish","hentry"],"acf":[],"yoast_head":"<!-- This site is optimized with the Yoast SEO plugin v24.1 - https:\/\/yoast.com\/wordpress\/plugins\/seo\/ -->\n<title>Av\u00eds legal - Nemesis sexolog\u00eda<\/title>\n<meta name=\"robots\" content=\"noindex, follow\" \/>\n<meta property=\"og:locale\" content=\"ca_ES\" \/>\n<meta property=\"og:type\" content=\"article\" \/>\n<meta property=\"og:title\" content=\"Av\u00eds legal - Nemesis sexolog\u00eda\" \/>\n<meta property=\"og:description\" content=\"Av\u00eds legal LEY DE LOS SERVICIOS DE LA SOCIEDAD DE LA INFORMACI\u00d3N (LSSI) NEMSIS INSTITUT DE SEXOLOGIA, SL, responsable del lloc web, d&#8217;ara endavant RESPONSABLE, posa a disposici\u00f3 dels usuaris aquest document, amb el qual pret\u00e9n donar compliment a les obligacions disposades en la Llei 34\/2002, d&#8217;11 de juliol, de Serveis de la Societat de [&hellip;]\" \/>\n<meta property=\"og:url\" content=\"https:\/\/nemesisexologia.com\/ca\/avis-legal\/\" \/>\n<meta property=\"og:site_name\" content=\"Nemesis sexolog\u00eda\" \/>\n<meta property=\"article:modified_time\" content=\"2025-06-30T08:21:56+00:00\" \/>\n<meta name=\"twitter:card\" content=\"summary_large_image\" \/>\n<meta name=\"twitter:label1\" content=\"Temps estimat de lectura\" \/>\n\t<meta name=\"twitter:data1\" content=\"6 minuts\" \/>\n<script type=\"application\/ld+json\" class=\"yoast-schema-graph\">{\"@context\":\"https:\/\/schema.org\",\"@graph\":[{\"@type\":\"WebPage\",\"@id\":\"https:\/\/nemesisexologia.com\/ca\/avis-legal\/\",\"url\":\"https:\/\/nemesisexologia.com\/ca\/avis-legal\/\",\"name\":\"Av\u00eds legal - Nemesis sexolog\u00eda\",\"isPartOf\":{\"@id\":\"https:\/\/nemesisexologia.com\/ca\/#website\"},\"datePublished\":\"2022-12-14T10:34:49+00:00\",\"dateModified\":\"2025-06-30T08:21:56+00:00\",\"breadcrumb\":{\"@id\":\"https:\/\/nemesisexologia.com\/ca\/avis-legal\/#breadcrumb\"},\"inLanguage\":\"ca\",\"potentialAction\":[{\"@type\":\"ReadAction\",\"target\":[\"https:\/\/nemesisexologia.com\/ca\/avis-legal\/\"]}]},{\"@type\":\"BreadcrumbList\",\"@id\":\"https:\/\/nemesisexologia.com\/ca\/avis-legal\/#breadcrumb\",\"itemListElement\":[{\"@type\":\"ListItem\",\"position\":1,\"name\":\"Portada\",\"item\":\"https:\/\/nemesisexologia.com\/ca\/\"},{\"@type\":\"ListItem\",\"position\":2,\"name\":\"Av\u00eds legal\"}]},{\"@type\":\"WebSite\",\"@id\":\"https:\/\/nemesisexologia.com\/ca\/#website\",\"url\":\"https:\/\/nemesisexologia.com\/ca\/\",\"name\":\"Nemesis sexolog\u00eda\",\"description\":\"Instituo de Sexolog\u00eda\",\"potentialAction\":[{\"@type\":\"SearchAction\",\"target\":{\"@type\":\"EntryPoint\",\"urlTemplate\":\"https:\/\/nemesisexologia.com\/ca\/?s={search_term_string}\"},\"query-input\":{\"@type\":\"PropertyValueSpecification\",\"valueRequired\":true,\"valueName\":\"search_term_string\"}}],\"inLanguage\":\"ca\"}]}<\/script>\n<!-- \/ Yoast SEO plugin. -->","yoast_head_json":{"title":"Av\u00eds legal - Nemesis sexolog\u00eda","robots":{"index":"noindex","follow":"follow"},"og_locale":"ca_ES","og_type":"article","og_title":"Av\u00eds legal - Nemesis sexolog\u00eda","og_description":"Av\u00eds legal LEY DE LOS SERVICIOS DE LA SOCIEDAD DE LA INFORMACI\u00d3N (LSSI) NEMSIS INSTITUT DE SEXOLOGIA, SL, responsable del lloc web, d&#8217;ara endavant RESPONSABLE, posa a disposici\u00f3 dels usuaris aquest document, amb el qual pret\u00e9n donar compliment a les obligacions disposades en la Llei 34\/2002, d&#8217;11 de juliol, de Serveis de la Societat de [&hellip;]","og_url":"https:\/\/nemesisexologia.com\/ca\/avis-legal\/","og_site_name":"Nemesis sexolog\u00eda","article_modified_time":"2025-06-30T08:21:56+00:00","twitter_card":"summary_large_image","twitter_misc":{"Temps estimat de lectura":"6 minuts"},"schema":{"@context":"https:\/\/schema.org","@graph":[{"@type":"WebPage","@id":"https:\/\/nemesisexologia.com\/ca\/avis-legal\/","url":"https:\/\/nemesisexologia.com\/ca\/avis-legal\/","name":"Av\u00eds legal - Nemesis sexolog\u00eda","isPartOf":{"@id":"https:\/\/nemesisexologia.com\/ca\/#website"},"datePublished":"2022-12-14T10:34:49+00:00","dateModified":"2025-06-30T08:21:56+00:00","breadcrumb":{"@id":"https:\/\/nemesisexologia.com\/ca\/avis-legal\/#breadcrumb"},"inLanguage":"ca","potentialAction":[{"@type":"ReadAction","target":["https:\/\/nemesisexologia.com\/ca\/avis-legal\/"]}]},{"@type":"BreadcrumbList","@id":"https:\/\/nemesisexologia.com\/ca\/avis-legal\/#breadcrumb","itemListElement":[{"@type":"ListItem","position":1,"name":"Portada","item":"https:\/\/nemesisexologia.com\/ca\/"},{"@type":"ListItem","position":2,"name":"Av\u00eds legal"}]},{"@type":"WebSite","@id":"https:\/\/nemesisexologia.com\/ca\/#website","url":"https:\/\/nemesisexologia.com\/ca\/","name":"Nemesis sexolog\u00eda","description":"Instituo de Sexolog\u00eda","potentialAction":[{"@type":"SearchAction","target":{"@type":"EntryPoint","urlTemplate":"https:\/\/nemesisexologia.com\/ca\/?s={search_term_string}"},"query-input":{"@type":"PropertyValueSpecification","valueRequired":true,"valueName":"search_term_string"}}],"inLanguage":"ca"}]}},"_links":{"self":[{"href":"https:\/\/nemesisexologia.com\/ca\/wp-json\/wp\/v2\/pages\/1437","targetHints":{"allow":["GET"]}}],"collection":[{"href":"https:\/\/nemesisexologia.com\/ca\/wp-json\/wp\/v2\/pages"}],"about":[{"href":"https:\/\/nemesisexologia.com\/ca\/wp-json\/wp\/v2\/types\/page"}],"author":[{"embeddable":true,"href":"https:\/\/nemesisexologia.com\/ca\/wp-json\/wp\/v2\/users\/1"}],"replies":[{"embeddable":true,"href":"https:\/\/nemesisexologia.com\/ca\/wp-json\/wp\/v2\/comments?post=1437"}],"version-history":[{"count":1,"href":"https:\/\/nemesisexologia.com\/ca\/wp-json\/wp\/v2\/pages\/1437\/revisions"}],"predecessor-version":[{"id":1438,"href":"https:\/\/nemesisexologia.com\/ca\/wp-json\/wp\/v2\/pages\/1437\/revisions\/1438"}],"wp:attachment":[{"href":"https:\/\/nemesisexologia.com\/ca\/wp-json\/wp\/v2\/media?parent=1437"}],"curies":[{"name":"wp","href":"https:\/\/api.w.org\/{rel}","templated":true}]}}