{"id":1317,"date":"2022-12-14T11:35:55","date_gmt":"2022-12-14T10:35:55","guid":{"rendered":"https:\/\/nemesisexologia.com\/politica-de-privacitat\/"},"modified":"2025-06-29T16:38:26","modified_gmt":"2025-06-29T14:38:26","slug":"politica-de-privacitat","status":"publish","type":"page","link":"https:\/\/nemesisexologia.com\/ca\/politica-de-privacitat\/","title":{"rendered":"Pol\u00edtica de privacitat"},"content":{"rendered":"\t\t<div data-elementor-type=\"wp-page\" data-elementor-id=\"1317\" class=\"elementor elementor-1317 elementor-29\" data-elementor-post-type=\"page\">\n\t\t\t\t<div class=\"elementor-element elementor-element-a1a0c4a e-flex e-con-boxed e-con e-parent\" data-id=\"a1a0c4a\" data-element_type=\"container\">\n\t\t\t\t\t<div class=\"e-con-inner\">\n\t\t\t\t<div class=\"elementor-element elementor-element-3991572 elementor-widget elementor-widget-heading\" data-id=\"3991572\" data-element_type=\"widget\" data-widget_type=\"heading.default\">\n\t\t\t\t<div class=\"elementor-widget-container\">\n\t\t\t\t\t<h2 class=\"elementor-heading-title elementor-size-default\">Pol\u00edtica de privacitat<\/h2>\t\t\t\t<\/div>\n\t\t\t\t<\/div>\n\t\t\t\t<div class=\"elementor-element elementor-element-2fd2ef6 elementor-align-left elementor-widget elementor-widget-breadcrumbs\" data-id=\"2fd2ef6\" data-element_type=\"widget\" data-widget_type=\"breadcrumbs.default\">\n\t\t\t\t<div class=\"elementor-widget-container\">\n\t\t\t\t\t<p id=\"breadcrumbs\"><span><span><a href=\"https:\/\/nemesisexologia.com\/ca\/\">Portada<\/a><\/span><\/span><\/p>\t\t\t\t<\/div>\n\t\t\t\t<\/div>\n\t\t\t\t\t<\/div>\n\t\t\t\t<\/div>\n\t\t\t\t<section class=\"elementor-section elementor-top-section elementor-element elementor-element-f287366 elementor-section-boxed elementor-section-height-default elementor-section-height-default\" data-id=\"f287366\" data-element_type=\"section\">\n\t\t\t\t\t\t<div class=\"elementor-container elementor-column-gap-default\">\n\t\t\t\t\t<div class=\"elementor-column elementor-col-100 elementor-top-column elementor-element elementor-element-3d4e33d\" data-id=\"3d4e33d\" data-element_type=\"column\">\n\t\t\t<div class=\"elementor-widget-wrap elementor-element-populated\">\n\t\t\t\t\t\t<div class=\"elementor-element elementor-element-5a81e97 elementor-widget elementor-widget-text-editor\" data-id=\"5a81e97\" data-element_type=\"widget\" data-widget_type=\"text-editor.default\">\n\t\t\t\t<div class=\"elementor-widget-container\">\n\t\t\t\t\t\t\t\t\t<h3>1. INFORMACI\u00d3 A L&#8217;USUARI<\/h3>\n<p><span class=\"il\">NEMESIS<\/span> INSTITUT DE SEXOLOGIA, SL, d&#8217;ara endavant RESPONSABLE, \u00e9s el Responsable del tractament de les dades personals de l&#8217;Usuari i l&#8217;informa que aquestes dades seran tractades de conformitat amb el que es disposa en les normatives vigents en protecci\u00f3 de dades personals, el Reglament (UE) 2016\/679 de 27 d&#8217;abril de 2016 (GDPR) relatiu a la protecci\u00f3 de les persones f\u00edsiques pel que fa al tractament de dades personals i a la lliure circulaci\u00f3 d&#8217;aquestes dades, i la Llei org\u00e0nica 3\/2018 de 5 de desembre (LOPDGDD), per la qual cosa se li facilita la seg\u00fcent informaci\u00f3 del tractament:<\/p>\n<p><strong>Fi del tractament:<\/strong> mantenir una relaci\u00f3 comercial amb l&#8217;Usuari. Les operacions previstes per a realitzar el tractament s\u00f3n: <\/p>\n<ul>\n<li>Remissi\u00f3 de comunicacions comercials publicit\u00e0ries, sempre que s&#8217;hagi autoritzat pr\u00e8viament, per email, fax, SMS, MMS, comunitats socials o qualsevol altre mitj\u00e0 electr\u00f2nic o f\u00edsic, present o futur, que possibiliti realitzar comunicacions comercials. Aquestes comunicacions seran realitzades pel RESPONSABLE i relacionades sobre els seus productes i serveis, o dels seus col\u00b7laboradors o prove\u00efdors amb els quals aquest hagi aconseguit algun acord de promoci\u00f3. En aquest cas, els tercers mai tindran acc\u00e9s a les dades personals.  <\/li>\n<li>Realitzar estudis estad\u00edstics.<\/li>\n<li>Tramitar enc\u00e0rrecs, sol\u00b7licituds o qualsevol tipus de petici\u00f3 que sigui realitzada per l&#8217;usuari a trav\u00e9s de qualsevol de les formes de contacte que es posen a la seva disposici\u00f3.<\/li>\n<li>Remetre el butllet\u00ed de not\u00edcies de la p\u00e0gina web.<\/li>\n<\/ul>\n<p><strong>Base jur\u00eddica del tractament: <\/strong>consentiment de l&#8217;interessat.<\/p>\n<p><strong>Criteris de conservaci\u00f3 de les dades:<\/strong> es conservaran mentre existeixi un inter\u00e8s mutu per a mantenir la fi del tractament i quan ja no sigui necessari per a tal fi, se suprimiran amb mesures de seguretat adequades per a garantir la seudonimizaci\u00f3n de les dades o la destrucci\u00f3 total d&#8217;aquests.<\/p>\n<p><strong>Comunicaci\u00f3 de les dades: <\/strong>No es comunicaran les dades a tercers, excepte obligaci\u00f3 legal.<\/p>\n<p><strong>Drets que assisteixen a l&#8217;Usuari:<\/strong><\/p>\n<ul>\n<li>Dret a retirar el consentiment en qualsevol moment.<\/li>\n<li>Dret d&#8217;acc\u00e9s, rectificaci\u00f3, portabilitat i supressi\u00f3 de les seves dades i a la limitaci\u00f3 o oposici\u00f3 a l&#8217;el seu tractament.<\/li>\n<li>Dret a presentar una reclamaci\u00f3 davant l&#8217;autoritat de control (agpd.es) si considera que el tractament no s&#8217;ajusta a la normativa vigent.<\/li>\n<\/ul>\n<p><strong>Dades de contacte per a exercir els seus drets:<\/strong><\/p>\n<p><span class=\"il\">NEMESIS<\/span> INSTITUT DE SEXOLOGIA, SL<br \/>Adre\u00e7a postal: c\/ Llu\u00eds Companys, n2. Planta Al, porta 1. CP: 25003, Lleida (Lleida)<br \/>Correu electr\u00f2nic: maria@nemesisexologia.com  <\/p>\n<h3>2. CAR\u00c0CTER OBLIGATORI O FACULTATIU DE LA INFORMACI\u00d3 FACILITADA PER L&#8217;USUARI<\/h3>\n<p>Els Usuaris, mitjan\u00e7ant la marcaci\u00f3 de les caselles corresponents i entrada de dades en els camps, marcats amb un asterisc <strong>(*)<\/strong> en el formulari de contacte o presentats en formularis de desc\u00e0rrega, accepten expressament i de manera lliure i inequ\u00edvoca, que les seves dades s\u00f3n necess\u00e0ries per a atendre la seva petici\u00f3, per part del prestador, sent volunt\u00e0ria la inclusi\u00f3 de dades en els camps restants. L&#8217;Usuari garanteix que les dades personals facilitades al RESPONSABLE s\u00f3n vera\u00e7os i es fa responsable de comunicar qualsevol modificaci\u00f3 d&#8217;aquests. <\/p>\n<p>El RESPONSABLE informa i garanteix expressament als usuaris que les seves dades personals no seran cedits en cap cas a tercers, i que sempre que realitz\u00e9s algun tipus de cessi\u00f3 de dades personals, es demanar\u00e0 pr\u00e8viament el consentiment expr\u00e9s, informat i inequ\u00edvoc per part els Usuaris. Totes les dades sol\u00b7licitades a trav\u00e9s del lloc web s\u00f3n obligatoris, ja que s\u00f3n necessaris per a la prestaci\u00f3 d&#8217;un servei \u00f2ptim a l&#8217;Usuari. En cas que no siguin facilitats totes les dades, no es garanteix que la informaci\u00f3 i serveis facilitats siguin completament ajustats a les seves necessitats.  <\/p>\n<h3>3. MESURES DE SEGURETAT<\/h3>\n<p>Que de conformitat amb el que es disposa en les normatives vigents en protecci\u00f3 de dades personals, el RESPONSABLE est\u00e0 complint amb totes les disposicions de les normatives GDPR per al tractament de les dades personals de la seva responsabilitat, i manifestament amb els principis descrits en l&#8217;article 5 del GDPR, pels quals s\u00f3n tractats de manera l\u00edcita, lleial i transparent en relaci\u00f3 amb l&#8217;interessat i adequats, pertinents i limitats al necessari en relaci\u00f3 amb els fins per als quals s\u00f3n tractats.<\/p>\n<p>El RESPONSABLE garanteix que ha implementat pol\u00edtiques t\u00e8cniques i organitzatives apropiades per a aplicar les mesures de seguretat que estableixen el GDPR amb la finalitat de protegir els drets i llibertats dels Usuaris i els ha comunicat la informaci\u00f3 adequada perqu\u00e8 puguin exercir-los.<\/p>\n\t\t\t\t\t\t\t\t<\/div>\n\t\t\t\t<\/div>\n\t\t\t\t\t<\/div>\n\t\t<\/div>\n\t\t\t\t\t<\/div>\n\t\t<\/section>\n\t\t\t\t<\/div>\n\t\t","protected":false},"excerpt":{"rendered":"<p>Pol\u00edtica de privacitat 1. INFORMACI\u00d3 A L&#8217;USUARI NEMESIS INSTITUT DE SEXOLOGIA, SL, d&#8217;ara endavant RESPONSABLE, \u00e9s el Responsable del tractament de les dades personals de l&#8217;Usuari i l&#8217;informa que aquestes dades seran tractades de conformitat amb el que es disposa en les normatives vigents en protecci\u00f3 de dades personals, el Reglament (UE) 2016\/679 de 27 [&hellip;]<\/p>\n","protected":false},"author":1,"featured_media":0,"parent":0,"menu_order":15,"comment_status":"closed","ping_status":"closed","template":"","meta":{"_acf_changed":false,"site-sidebar-layout":"default","site-content-layout":"page-builder","ast-site-content-layout":"default","site-content-style":"default","site-sidebar-style":"default","ast-global-header-display":"","ast-banner-title-visibility":"","ast-main-header-display":"","ast-hfb-above-header-display":"","ast-hfb-below-header-display":"","ast-hfb-mobile-header-display":"","site-post-title":"","ast-breadcrumbs-content":"","ast-featured-img":"","footer-sml-layout":"","theme-transparent-header-meta":"default","adv-header-id-meta":"","stick-header-meta":"","header-above-stick-meta":"","header-main-stick-meta":"","header-below-stick-meta":"","astra-migrate-meta-layouts":"default","ast-page-background-enabled":"default","ast-page-background-meta":{"desktop":{"background-color":"var(--ast-global-color-4)","background-image":"","background-repeat":"repeat","background-position":"center center","background-size":"auto","background-attachment":"scroll","background-type":"","background-media":"","overlay-type":"","overlay-color":"","overlay-opacity":"","overlay-gradient":""},"tablet":{"background-color":"","background-image":"","background-repeat":"repeat","background-position":"center center","background-size":"auto","background-attachment":"scroll","background-type":"","background-media":"","overlay-type":"","overlay-color":"","overlay-opacity":"","overlay-gradient":""},"mobile":{"background-color":"","background-image":"","background-repeat":"repeat","background-position":"center center","background-size":"auto","background-attachment":"scroll","background-type":"","background-media":"","overlay-type":"","overlay-color":"","overlay-opacity":"","overlay-gradient":""}},"ast-content-background-meta":{"desktop":{"background-color":"var(--ast-global-color-5)","background-image":"","background-repeat":"repeat","background-position":"center center","background-size":"auto","background-attachment":"scroll","background-type":"","background-media":"","overlay-type":"","overlay-color":"","overlay-opacity":"","overlay-gradient":""},"tablet":{"background-color":"var(--ast-global-color-5)","background-image":"","background-repeat":"repeat","background-position":"center center","background-size":"auto","background-attachment":"scroll","background-type":"","background-media":"","overlay-type":"","overlay-color":"","overlay-opacity":"","overlay-gradient":""},"mobile":{"background-color":"var(--ast-global-color-5)","background-image":"","background-repeat":"repeat","background-position":"center center","background-size":"auto","background-attachment":"scroll","background-type":"","background-media":"","overlay-type":"","overlay-color":"","overlay-opacity":"","overlay-gradient":""}},"footnotes":""},"class_list":["post-1317","page","type-page","status-publish","hentry"],"acf":[],"yoast_head":"<!-- This site is optimized with the Yoast SEO plugin v24.1 - https:\/\/yoast.com\/wordpress\/plugins\/seo\/ -->\n<title>Pol\u00edtica de privacitat - Nemesis sexolog\u00eda<\/title>\n<meta name=\"robots\" content=\"noindex, follow\" \/>\n<meta property=\"og:locale\" content=\"ca_ES\" \/>\n<meta property=\"og:type\" content=\"article\" \/>\n<meta property=\"og:title\" content=\"Pol\u00edtica de privacitat - Nemesis sexolog\u00eda\" \/>\n<meta property=\"og:description\" content=\"Pol\u00edtica de privacitat 1. INFORMACI\u00d3 A L&#8217;USUARI NEMESIS INSTITUT DE SEXOLOGIA, SL, d&#8217;ara endavant RESPONSABLE, \u00e9s el Responsable del tractament de les dades personals de l&#8217;Usuari i l&#8217;informa que aquestes dades seran tractades de conformitat amb el que es disposa en les normatives vigents en protecci\u00f3 de dades personals, el Reglament (UE) 2016\/679 de 27 [&hellip;]\" \/>\n<meta property=\"og:url\" content=\"https:\/\/nemesisexologia.com\/ca\/politica-de-privacitat\/\" \/>\n<meta property=\"og:site_name\" content=\"Nemesis sexolog\u00eda\" \/>\n<meta property=\"article:modified_time\" content=\"2025-06-29T14:38:26+00:00\" \/>\n<meta name=\"twitter:card\" content=\"summary_large_image\" \/>\n<meta name=\"twitter:label1\" content=\"Temps estimat de lectura\" \/>\n\t<meta name=\"twitter:data1\" content=\"4 minuts\" \/>\n<script type=\"application\/ld+json\" class=\"yoast-schema-graph\">{\"@context\":\"https:\/\/schema.org\",\"@graph\":[{\"@type\":\"WebPage\",\"@id\":\"https:\/\/nemesisexologia.com\/ca\/politica-de-privacitat\/\",\"url\":\"https:\/\/nemesisexologia.com\/ca\/politica-de-privacitat\/\",\"name\":\"Pol\u00edtica de privacitat - Nemesis sexolog\u00eda\",\"isPartOf\":{\"@id\":\"https:\/\/nemesisexologia.com\/ca\/#website\"},\"datePublished\":\"2022-12-14T10:35:55+00:00\",\"dateModified\":\"2025-06-29T14:38:26+00:00\",\"breadcrumb\":{\"@id\":\"https:\/\/nemesisexologia.com\/ca\/politica-de-privacitat\/#breadcrumb\"},\"inLanguage\":\"ca\",\"potentialAction\":[{\"@type\":\"ReadAction\",\"target\":[\"https:\/\/nemesisexologia.com\/ca\/politica-de-privacitat\/\"]}]},{\"@type\":\"BreadcrumbList\",\"@id\":\"https:\/\/nemesisexologia.com\/ca\/politica-de-privacitat\/#breadcrumb\",\"itemListElement\":[{\"@type\":\"ListItem\",\"position\":1,\"name\":\"Portada\",\"item\":\"https:\/\/nemesisexologia.com\/ca\/\"},{\"@type\":\"ListItem\",\"position\":2,\"name\":\"Pol\u00edtica de privacitat\"}]},{\"@type\":\"WebSite\",\"@id\":\"https:\/\/nemesisexologia.com\/ca\/#website\",\"url\":\"https:\/\/nemesisexologia.com\/ca\/\",\"name\":\"Nemesis sexolog\u00eda\",\"description\":\"Instituo de Sexolog\u00eda\",\"potentialAction\":[{\"@type\":\"SearchAction\",\"target\":{\"@type\":\"EntryPoint\",\"urlTemplate\":\"https:\/\/nemesisexologia.com\/ca\/?s={search_term_string}\"},\"query-input\":{\"@type\":\"PropertyValueSpecification\",\"valueRequired\":true,\"valueName\":\"search_term_string\"}}],\"inLanguage\":\"ca\"}]}<\/script>\n<!-- \/ Yoast SEO plugin. -->","yoast_head_json":{"title":"Pol\u00edtica de privacitat - Nemesis sexolog\u00eda","robots":{"index":"noindex","follow":"follow"},"og_locale":"ca_ES","og_type":"article","og_title":"Pol\u00edtica de privacitat - Nemesis sexolog\u00eda","og_description":"Pol\u00edtica de privacitat 1. INFORMACI\u00d3 A L&#8217;USUARI NEMESIS INSTITUT DE SEXOLOGIA, SL, d&#8217;ara endavant RESPONSABLE, \u00e9s el Responsable del tractament de les dades personals de l&#8217;Usuari i l&#8217;informa que aquestes dades seran tractades de conformitat amb el que es disposa en les normatives vigents en protecci\u00f3 de dades personals, el Reglament (UE) 2016\/679 de 27 [&hellip;]","og_url":"https:\/\/nemesisexologia.com\/ca\/politica-de-privacitat\/","og_site_name":"Nemesis sexolog\u00eda","article_modified_time":"2025-06-29T14:38:26+00:00","twitter_card":"summary_large_image","twitter_misc":{"Temps estimat de lectura":"4 minuts"},"schema":{"@context":"https:\/\/schema.org","@graph":[{"@type":"WebPage","@id":"https:\/\/nemesisexologia.com\/ca\/politica-de-privacitat\/","url":"https:\/\/nemesisexologia.com\/ca\/politica-de-privacitat\/","name":"Pol\u00edtica de privacitat - Nemesis sexolog\u00eda","isPartOf":{"@id":"https:\/\/nemesisexologia.com\/ca\/#website"},"datePublished":"2022-12-14T10:35:55+00:00","dateModified":"2025-06-29T14:38:26+00:00","breadcrumb":{"@id":"https:\/\/nemesisexologia.com\/ca\/politica-de-privacitat\/#breadcrumb"},"inLanguage":"ca","potentialAction":[{"@type":"ReadAction","target":["https:\/\/nemesisexologia.com\/ca\/politica-de-privacitat\/"]}]},{"@type":"BreadcrumbList","@id":"https:\/\/nemesisexologia.com\/ca\/politica-de-privacitat\/#breadcrumb","itemListElement":[{"@type":"ListItem","position":1,"name":"Portada","item":"https:\/\/nemesisexologia.com\/ca\/"},{"@type":"ListItem","position":2,"name":"Pol\u00edtica de privacitat"}]},{"@type":"WebSite","@id":"https:\/\/nemesisexologia.com\/ca\/#website","url":"https:\/\/nemesisexologia.com\/ca\/","name":"Nemesis sexolog\u00eda","description":"Instituo de Sexolog\u00eda","potentialAction":[{"@type":"SearchAction","target":{"@type":"EntryPoint","urlTemplate":"https:\/\/nemesisexologia.com\/ca\/?s={search_term_string}"},"query-input":{"@type":"PropertyValueSpecification","valueRequired":true,"valueName":"search_term_string"}}],"inLanguage":"ca"}]}},"_links":{"self":[{"href":"https:\/\/nemesisexologia.com\/ca\/wp-json\/wp\/v2\/pages\/1317","targetHints":{"allow":["GET"]}}],"collection":[{"href":"https:\/\/nemesisexologia.com\/ca\/wp-json\/wp\/v2\/pages"}],"about":[{"href":"https:\/\/nemesisexologia.com\/ca\/wp-json\/wp\/v2\/types\/page"}],"author":[{"embeddable":true,"href":"https:\/\/nemesisexologia.com\/ca\/wp-json\/wp\/v2\/users\/1"}],"replies":[{"embeddable":true,"href":"https:\/\/nemesisexologia.com\/ca\/wp-json\/wp\/v2\/comments?post=1317"}],"version-history":[{"count":1,"href":"https:\/\/nemesisexologia.com\/ca\/wp-json\/wp\/v2\/pages\/1317\/revisions"}],"predecessor-version":[{"id":1318,"href":"https:\/\/nemesisexologia.com\/ca\/wp-json\/wp\/v2\/pages\/1317\/revisions\/1318"}],"wp:attachment":[{"href":"https:\/\/nemesisexologia.com\/ca\/wp-json\/wp\/v2\/media?parent=1317"}],"curies":[{"name":"wp","href":"https:\/\/api.w.org\/{rel}","templated":true}]}}