{"id":1311,"date":"2024-10-25T14:03:18","date_gmt":"2024-10-25T12:03:18","guid":{"rendered":"https:\/\/nemesisexologia.com\/nosaltres\/"},"modified":"2025-06-29T16:31:40","modified_gmt":"2025-06-29T14:31:40","slug":"nosaltres","status":"publish","type":"page","link":"https:\/\/nemesisexologia.com\/ca\/nosaltres\/","title":{"rendered":"Nosaltres"},"content":{"rendered":"\t\t<div data-elementor-type=\"wp-page\" data-elementor-id=\"1311\" class=\"elementor elementor-1311 elementor-114\" data-elementor-post-type=\"page\">\n\t\t\t\t<div class=\"elementor-element elementor-element-a299bbf e-flex e-con-boxed e-con e-parent\" data-id=\"a299bbf\" data-element_type=\"container\">\n\t\t\t\t\t<div class=\"e-con-inner\">\n\t\t\t\t<div class=\"elementor-element elementor-element-83c5cc8 elementor-widget elementor-widget-heading\" data-id=\"83c5cc8\" data-element_type=\"widget\" data-widget_type=\"heading.default\">\n\t\t\t\t<div class=\"elementor-widget-container\">\n\t\t\t\t\t<h2 class=\"elementor-heading-title elementor-size-default\">NOSALTRES<\/h2>\t\t\t\t<\/div>\n\t\t\t\t<\/div>\n\t\t\t\t\t<\/div>\n\t\t\t\t<\/div>\n\t\t<div class=\"elementor-element elementor-element-cbdef45 e-flex e-con-boxed e-con e-parent\" data-id=\"cbdef45\" data-element_type=\"container\">\n\t\t\t\t\t<div class=\"e-con-inner\">\n\t\t<div class=\"elementor-element elementor-element-22d663a e-con-full e-flex e-con e-child\" data-id=\"22d663a\" data-element_type=\"container\">\n\t\t<div class=\"elementor-element elementor-element-ab31b68 e-con-full e-flex e-con e-child\" data-id=\"ab31b68\" data-element_type=\"container\">\n\t\t\t\t<div class=\"elementor-element elementor-element-7c5427d elementor-widget elementor-widget-heading\" data-id=\"7c5427d\" data-element_type=\"widget\" data-widget_type=\"heading.default\">\n\t\t\t\t<div class=\"elementor-widget-container\">\n\t\t\t\t\t<h2 class=\"elementor-heading-title elementor-size-default\">Nemesis Institut de Sexologia\n<\/h2>\t\t\t\t<\/div>\n\t\t\t\t<\/div>\n\t\t\t\t<\/div>\n\t\t\t\t<div class=\"elementor-element elementor-element-4bf2ec1 elementor-widget elementor-widget-text-editor\" data-id=\"4bf2ec1\" data-element_type=\"widget\" data-widget_type=\"text-editor.default\">\n\t\t\t\t<div class=\"elementor-widget-container\">\n\t\t\t\t\t\t\t\t\t<p>A <strong>NEMESIS SEXOLOGIA<\/strong> la nostra missi\u00f3 \u00e9s acompanyar les persones en les diferents etapes de la seva sexualitat: inf\u00e0ncia, pubertat, adolesc\u00e8ncia, adultesa, part i postpart, maduresa\u2026 i \u00e9s que entendre que a cada etapa canviem i evolucionem ens permet gaudir i gaudir d&#8217;una sexualitat positiva.<\/p>\n\t\t\t\t\t\t\t\t<\/div>\n\t\t\t\t<\/div>\n\t\t<div class=\"elementor-element elementor-element-71307a9 e-con-full e-flex e-con e-child\" data-id=\"71307a9\" data-element_type=\"container\" data-settings=\"{&quot;background_background&quot;:&quot;classic&quot;}\">\n\t\t\t\t<div class=\"elementor-element elementor-element-4801bcf elementor-widget-laptop__width-initial elementor-widget elementor-widget-heading\" data-id=\"4801bcf\" data-element_type=\"widget\" data-widget_type=\"heading.default\">\n\t\t\t\t<div class=\"elementor-widget-container\">\n\t\t\t\t\t<p class=\"elementor-heading-title elementor-size-default\">Transformem vides des de l'educaci\u00f3, amb coneixement i sensibilitat.  <\/p>\t\t\t\t<\/div>\n\t\t\t\t<\/div>\n\t\t\t\t<div class=\"elementor-element elementor-element-4adc3e6 elementor-widget elementor-widget-heading\" data-id=\"4adc3e6\" data-element_type=\"widget\" data-widget_type=\"heading.default\">\n\t\t\t\t<div class=\"elementor-widget-container\">\n\t\t\t\t\t<p class=\"elementor-heading-title elementor-size-default\">\u2013 Maria Margalejo.<\/p>\t\t\t\t<\/div>\n\t\t\t\t<\/div>\n\t\t\t\t<\/div>\n\t\t\t\t<\/div>\n\t\t<div class=\"elementor-element elementor-element-12ae786 e-con-full e-flex e-con e-child\" data-id=\"12ae786\" data-element_type=\"container\">\n\t\t\t\t<div class=\"elementor-element elementor-element-2e6696a elementor-widget elementor-widget-image\" data-id=\"2e6696a\" data-element_type=\"widget\" data-widget_type=\"image.default\">\n\t\t\t\t<div class=\"elementor-widget-container\">\n\t\t\t\t\t\t\t\t\t\t\t\t\t\t\t<img fetchpriority=\"high\" decoding=\"async\" width=\"843\" height=\"1265\" src=\"https:\/\/nemesisexologia.com\/wp-content\/uploads\/2024\/10\/461179441_1264488004512872_8007881345269969637_n.jpg\" class=\"attachment-full size-full wp-image-1312\" alt=\"\" srcset=\"https:\/\/nemesisexologia.com\/wp-content\/uploads\/2024\/10\/461179441_1264488004512872_8007881345269969637_n.jpg 843w, https:\/\/nemesisexologia.com\/wp-content\/uploads\/2024\/10\/461179441_1264488004512872_8007881345269969637_n-200x300.jpg 200w, https:\/\/nemesisexologia.com\/wp-content\/uploads\/2024\/10\/461179441_1264488004512872_8007881345269969637_n-682x1024.jpg 682w, https:\/\/nemesisexologia.com\/wp-content\/uploads\/2024\/10\/461179441_1264488004512872_8007881345269969637_n-768x1152.jpg 768w\" sizes=\"(max-width: 843px) 100vw, 843px\" \/>\t\t\t\t\t\t\t\t\t\t\t\t\t\t\t<\/div>\n\t\t\t\t<\/div>\n\t\t\t\t<\/div>\n\t\t\t\t\t<\/div>\n\t\t\t\t<\/div>\n\t\t<div class=\"elementor-element elementor-element-7a06360 e-flex e-con-boxed e-con e-parent\" data-id=\"7a06360\" data-element_type=\"container\">\n\t\t\t\t\t<div class=\"e-con-inner\">\n\t\t\t\t<div class=\"elementor-element elementor-element-d403d29 elementor-widget elementor-widget-heading\" data-id=\"d403d29\" data-element_type=\"widget\" data-widget_type=\"heading.default\">\n\t\t\t\t<div class=\"elementor-widget-container\">\n\t\t\t\t\t<h2 class=\"elementor-heading-title elementor-size-default\">Tenim quatre l\u00ednies d\u00b4actuaci\u00f3<\/h2>\t\t\t\t<\/div>\n\t\t\t\t<\/div>\n\t\t<div class=\"elementor-element elementor-element-523a3a9 e-con-full e-flex e-con e-child\" data-id=\"523a3a9\" data-element_type=\"container\">\n\t\t\t\t<div class=\"elementor-element elementor-element-280689d elementor-widget__width-initial elementor-position-top elementor-widget elementor-widget-image-box\" data-id=\"280689d\" data-element_type=\"widget\" data-widget_type=\"image-box.default\">\n\t\t\t\t<div class=\"elementor-widget-container\">\n\t\t\t\t\t<div class=\"elementor-image-box-wrapper\"><figure class=\"elementor-image-box-img\"><a href=\"https:\/\/nemesisexologia.com\/servicios\/#afectivosexual\" tabindex=\"-1\"><img decoding=\"async\" width=\"169\" height=\"159\" src=\"https:\/\/nemesisexologia.com\/wp-content\/uploads\/2024\/10\/divulgacion.png\" class=\"attachment-full size-full wp-image-284\" alt=\"\" \/><\/a><\/figure><div class=\"elementor-image-box-content\"><h3 class=\"elementor-image-box-title\"><a href=\"https:\/\/nemesisexologia.com\/servicios\/#afectivosexual\">Educaci\u00f3 afectivosexual<\/a><\/h3><p class=\"elementor-image-box-description\">Especialistes en educaci\u00f3 afectivosexual dirigida a centres educatius<\/p><\/div><\/div>\t\t\t\t<\/div>\n\t\t\t\t<\/div>\n\t\t\t\t<div class=\"elementor-element elementor-element-eda68dc elementor-widget__width-initial elementor-position-top elementor-widget elementor-widget-image-box\" data-id=\"eda68dc\" data-element_type=\"widget\" data-widget_type=\"image-box.default\">\n\t\t\t\t<div class=\"elementor-widget-container\">\n\t\t\t\t\t<div class=\"elementor-image-box-wrapper\"><figure class=\"elementor-image-box-img\"><a href=\"https:\/\/nemesisexologia.com\/servicios\/#asesoramiento\" tabindex=\"-1\"><img decoding=\"async\" width=\"169\" height=\"187\" src=\"https:\/\/nemesisexologia.com\/wp-content\/uploads\/2024\/10\/terapia-pareja.png\" class=\"attachment-full size-full wp-image-294\" alt=\"\" \/><\/a><\/figure><div class=\"elementor-image-box-content\"><h3 class=\"elementor-image-box-title\"><a href=\"https:\/\/nemesisexologia.com\/servicios\/#asesoramiento\">Assessorament sexol\u00f2gic<\/a><\/h3><p class=\"elementor-image-box-description\">Format datenci\u00f3 entre leducaci\u00f3 i la ter\u00e0pia sexual<\/p><\/div><\/div>\t\t\t\t<\/div>\n\t\t\t\t<\/div>\n\t\t\t\t<div class=\"elementor-element elementor-element-2c5dcf3 elementor-widget__width-initial elementor-position-top elementor-widget elementor-widget-image-box\" data-id=\"2c5dcf3\" data-element_type=\"widget\" data-widget_type=\"image-box.default\">\n\t\t\t\t<div class=\"elementor-widget-container\">\n\t\t\t\t\t<div class=\"elementor-image-box-wrapper\"><figure class=\"elementor-image-box-img\"><a href=\"https:\/\/nemesisexologia.com\/servicios\/#divulgacion\" tabindex=\"-1\"><img loading=\"lazy\" decoding=\"async\" width=\"277\" height=\"267\" src=\"https:\/\/nemesisexologia.com\/wp-content\/uploads\/2024\/11\/media.svg\" class=\"attachment-full size-full wp-image-629\" alt=\"\" \/><\/a><\/figure><div class=\"elementor-image-box-content\"><h3 class=\"elementor-image-box-title\"><a href=\"https:\/\/nemesisexologia.com\/servicios\/#divulgacion\">Divulgaci\u00f3 sexol\u00f2gica<\/a><\/h3><p class=\"elementor-image-box-description\">A trav\u00e9s de mitjans de comunicaci\u00f3: articles, revistes...<\/p><\/div><\/div>\t\t\t\t<\/div>\n\t\t\t\t<\/div>\n\t\t\t\t<div class=\"elementor-element elementor-element-b18b95e elementor-widget__width-initial elementor-position-top elementor-widget elementor-widget-image-box\" data-id=\"b18b95e\" data-element_type=\"widget\" data-widget_type=\"image-box.default\">\n\t\t\t\t<div class=\"elementor-widget-container\">\n\t\t\t\t\t<div class=\"elementor-image-box-wrapper\"><figure class=\"elementor-image-box-img\"><a href=\"https:\/\/nemesisexologia.com\/servicios\/#investigacion\" tabindex=\"-1\"><img loading=\"lazy\" decoding=\"async\" width=\"169\" height=\"167\" src=\"https:\/\/nemesisexologia.com\/wp-content\/uploads\/2024\/10\/icon-investigaacion.png\" class=\"attachment-full size-full wp-image-295\" alt=\"\" \/><\/a><\/figure><div class=\"elementor-image-box-content\"><h3 class=\"elementor-image-box-title\"><a href=\"https:\/\/nemesisexologia.com\/servicios\/#investigacion\">Investigaci\u00f3 sexol\u00f2gica<\/a><\/h3><p class=\"elementor-image-box-description\">Recollida de dades a trav\u00e9s de les avaluacions<\/p><\/div><\/div>\t\t\t\t<\/div>\n\t\t\t\t<\/div>\n\t\t\t\t<\/div>\n\t\t\t\t\t<\/div>\n\t\t\t\t<\/div>\n\t\t<div class=\"elementor-element elementor-element-a54d017 e-flex e-con-boxed e-con e-parent\" data-id=\"a54d017\" data-element_type=\"container\" data-settings=\"{&quot;background_background&quot;:&quot;classic&quot;}\">\n\t\t\t\t\t<div class=\"e-con-inner\">\n\t\t\t\t<div class=\"elementor-element elementor-element-96cbc91 elementor-widget elementor-widget-heading\" data-id=\"96cbc91\" data-element_type=\"widget\" data-widget_type=\"heading.default\">\n\t\t\t\t<div class=\"elementor-widget-container\">\n\t\t\t\t\t<h2 class=\"elementor-heading-title elementor-size-default\">Educaci\u00f3 afectivosexual<\/h2>\t\t\t\t<\/div>\n\t\t\t\t<\/div>\n\t\t\t\t<div class=\"elementor-element elementor-element-05a6586 elementor-widget elementor-widget-heading\" data-id=\"05a6586\" data-element_type=\"widget\" data-widget_type=\"heading.default\">\n\t\t\t\t<div class=\"elementor-widget-container\">\n\t\t\t\t\t<h2 class=\"elementor-heading-title elementor-size-default\">PROGRAMES I TALLERS<\/h2>\t\t\t\t<\/div>\n\t\t\t\t<\/div>\n\t\t\t\t<div class=\"elementor-element elementor-element-cac8deb elementor-align-center elementor-widget elementor-widget-button\" data-id=\"cac8deb\" data-element_type=\"widget\" data-widget_type=\"button.default\">\n\t\t\t\t<div class=\"elementor-widget-container\">\n\t\t\t\t\t\t\t\t\t<div class=\"elementor-button-wrapper\">\n\t\t\t\t\t<a class=\"elementor-button elementor-button-link elementor-size-sm\" href=\"https:\/\/nemesisexologia.com\/ca\/cursos\/\">\n\t\t\t\t\t\t<span class=\"elementor-button-content-wrapper\">\n\t\t\t\t\t\t\t\t\t<span class=\"elementor-button-text\">anar als cursos<\/span>\n\t\t\t\t\t<\/span>\n\t\t\t\t\t<\/a>\n\t\t\t\t<\/div>\n\t\t\t\t\t\t\t\t<\/div>\n\t\t\t\t<\/div>\n\t\t\t\t\t<\/div>\n\t\t\t\t<\/div>\n\t\t\t\t<\/div>\n\t\t","protected":false},"excerpt":{"rendered":"<p>NOSALTRES Nemesis Institut de Sexologia A NEMESIS SEXOLOGIA la nostra missi\u00f3 \u00e9s acompanyar les persones en les diferents etapes de la seva sexualitat: inf\u00e0ncia, pubertat, adolesc\u00e8ncia, adultesa, part i postpart, maduresa\u2026 i \u00e9s que entendre que a cada etapa canviem i evolucionem ens permet gaudir i gaudir d&#8217;una sexualitat positiva. Transformem vides des de l&#8217;educaci\u00f3, [&hellip;]<\/p>\n","protected":false},"author":1,"featured_media":0,"parent":0,"menu_order":11,"comment_status":"closed","ping_status":"closed","template":"","meta":{"_acf_changed":false,"site-sidebar-layout":"no-sidebar","site-content-layout":"page-builder","ast-site-content-layout":"full-width-container","site-content-style":"default","site-sidebar-style":"default","ast-global-header-display":"","ast-banner-title-visibility":"","ast-main-header-display":"","ast-hfb-above-header-display":"","ast-hfb-below-header-display":"","ast-hfb-mobile-header-display":"","site-post-title":"disabled","ast-breadcrumbs-content":"","ast-featured-img":"disabled","footer-sml-layout":"","theme-transparent-header-meta":"default","adv-header-id-meta":"","stick-header-meta":"","header-above-stick-meta":"","header-main-stick-meta":"","header-below-stick-meta":"","astra-migrate-meta-layouts":"default","ast-page-background-enabled":"default","ast-page-background-meta":{"desktop":{"background-color":"var(--ast-global-color-4)","background-image":"","background-repeat":"repeat","background-position":"center center","background-size":"auto","background-attachment":"scroll","background-type":"","background-media":"","overlay-type":"","overlay-color":"","overlay-opacity":"","overlay-gradient":""},"tablet":{"background-color":"","background-image":"","background-repeat":"repeat","background-position":"center center","background-size":"auto","background-attachment":"scroll","background-type":"","background-media":"","overlay-type":"","overlay-color":"","overlay-opacity":"","overlay-gradient":""},"mobile":{"background-color":"","background-image":"","background-repeat":"repeat","background-position":"center center","background-size":"auto","background-attachment":"scroll","background-type":"","background-media":"","overlay-type":"","overlay-color":"","overlay-opacity":"","overlay-gradient":""}},"ast-content-background-meta":{"desktop":{"background-color":"var(--ast-global-color-5)","background-image":"","background-repeat":"repeat","background-position":"center center","background-size":"auto","background-attachment":"scroll","background-type":"","background-media":"","overlay-type":"","overlay-color":"","overlay-opacity":"","overlay-gradient":""},"tablet":{"background-color":"var(--ast-global-color-5)","background-image":"","background-repeat":"repeat","background-position":"center center","background-size":"auto","background-attachment":"scroll","background-type":"","background-media":"","overlay-type":"","overlay-color":"","overlay-opacity":"","overlay-gradient":""},"mobile":{"background-color":"var(--ast-global-color-5)","background-image":"","background-repeat":"repeat","background-position":"center center","background-size":"auto","background-attachment":"scroll","background-type":"","background-media":"","overlay-type":"","overlay-color":"","overlay-opacity":"","overlay-gradient":""}},"footnotes":""},"class_list":["post-1311","page","type-page","status-publish","hentry"],"acf":[],"yoast_head":"<!-- This site is optimized with the Yoast SEO plugin v24.1 - https:\/\/yoast.com\/wordpress\/plugins\/seo\/ -->\n<title>Nosaltres - Nemesis sexolog\u00eda<\/title>\n<meta name=\"robots\" content=\"index, follow, max-snippet:-1, max-image-preview:large, max-video-preview:-1\" \/>\n<link rel=\"canonical\" href=\"https:\/\/nemesisexologia.com\/ca\/nosaltres\/\" \/>\n<meta property=\"og:locale\" content=\"ca_ES\" \/>\n<meta property=\"og:type\" content=\"article\" \/>\n<meta property=\"og:title\" content=\"Nosaltres - Nemesis sexolog\u00eda\" \/>\n<meta property=\"og:description\" content=\"NOSALTRES Nemesis Institut de Sexologia A NEMESIS SEXOLOGIA la nostra missi\u00f3 \u00e9s acompanyar les persones en les diferents etapes de la seva sexualitat: inf\u00e0ncia, pubertat, adolesc\u00e8ncia, adultesa, part i postpart, maduresa\u2026 i \u00e9s que entendre que a cada etapa canviem i evolucionem ens permet gaudir i gaudir d&#8217;una sexualitat positiva. Transformem vides des de l&#8217;educaci\u00f3, [&hellip;]\" \/>\n<meta property=\"og:url\" content=\"https:\/\/nemesisexologia.com\/ca\/nosaltres\/\" \/>\n<meta property=\"og:site_name\" content=\"Nemesis sexolog\u00eda\" \/>\n<meta property=\"article:modified_time\" content=\"2025-06-29T14:31:40+00:00\" \/>\n<meta property=\"og:image\" content=\"https:\/\/nemesisexologia.com\/wp-content\/uploads\/2024\/10\/461179441_1264488004512872_8007881345269969637_n.jpg\" \/>\n\t<meta property=\"og:image:width\" content=\"843\" \/>\n\t<meta property=\"og:image:height\" content=\"1265\" \/>\n\t<meta property=\"og:image:type\" content=\"image\/jpeg\" \/>\n<meta name=\"twitter:card\" content=\"summary_large_image\" \/>\n<meta name=\"twitter:label1\" content=\"Temps estimat de lectura\" \/>\n\t<meta name=\"twitter:data1\" content=\"1 minut\" \/>\n<script type=\"application\/ld+json\" class=\"yoast-schema-graph\">{\"@context\":\"https:\/\/schema.org\",\"@graph\":[{\"@type\":\"WebPage\",\"@id\":\"https:\/\/nemesisexologia.com\/ca\/nosaltres\/\",\"url\":\"https:\/\/nemesisexologia.com\/ca\/nosaltres\/\",\"name\":\"Nosaltres - Nemesis sexolog\u00eda\",\"isPartOf\":{\"@id\":\"https:\/\/nemesisexologia.com\/ca\/#website\"},\"primaryImageOfPage\":{\"@id\":\"https:\/\/nemesisexologia.com\/ca\/nosaltres\/#primaryimage\"},\"image\":{\"@id\":\"https:\/\/nemesisexologia.com\/ca\/nosaltres\/#primaryimage\"},\"thumbnailUrl\":\"https:\/\/nemesisexologia.com\/wp-content\/uploads\/2024\/10\/461179441_1264488004512872_8007881345269969637_n.jpg\",\"datePublished\":\"2024-10-25T12:03:18+00:00\",\"dateModified\":\"2025-06-29T14:31:40+00:00\",\"breadcrumb\":{\"@id\":\"https:\/\/nemesisexologia.com\/ca\/nosaltres\/#breadcrumb\"},\"inLanguage\":\"ca\",\"potentialAction\":[{\"@type\":\"ReadAction\",\"target\":[\"https:\/\/nemesisexologia.com\/ca\/nosaltres\/\"]}]},{\"@type\":\"ImageObject\",\"inLanguage\":\"ca\",\"@id\":\"https:\/\/nemesisexologia.com\/ca\/nosaltres\/#primaryimage\",\"url\":\"https:\/\/nemesisexologia.com\/wp-content\/uploads\/2024\/10\/461179441_1264488004512872_8007881345269969637_n.jpg\",\"contentUrl\":\"https:\/\/nemesisexologia.com\/wp-content\/uploads\/2024\/10\/461179441_1264488004512872_8007881345269969637_n.jpg\"},{\"@type\":\"BreadcrumbList\",\"@id\":\"https:\/\/nemesisexologia.com\/ca\/nosaltres\/#breadcrumb\",\"itemListElement\":[{\"@type\":\"ListItem\",\"position\":1,\"name\":\"Portada\",\"item\":\"https:\/\/nemesisexologia.com\/ca\/\"},{\"@type\":\"ListItem\",\"position\":2,\"name\":\"Nosaltres\"}]},{\"@type\":\"WebSite\",\"@id\":\"https:\/\/nemesisexologia.com\/ca\/#website\",\"url\":\"https:\/\/nemesisexologia.com\/ca\/\",\"name\":\"Nemesis sexolog\u00eda\",\"description\":\"Instituo de Sexolog\u00eda\",\"potentialAction\":[{\"@type\":\"SearchAction\",\"target\":{\"@type\":\"EntryPoint\",\"urlTemplate\":\"https:\/\/nemesisexologia.com\/ca\/?s={search_term_string}\"},\"query-input\":{\"@type\":\"PropertyValueSpecification\",\"valueRequired\":true,\"valueName\":\"search_term_string\"}}],\"inLanguage\":\"ca\"}]}<\/script>\n<!-- \/ Yoast SEO plugin. -->","yoast_head_json":{"title":"Nosaltres - Nemesis sexolog\u00eda","robots":{"index":"index","follow":"follow","max-snippet":"max-snippet:-1","max-image-preview":"max-image-preview:large","max-video-preview":"max-video-preview:-1"},"canonical":"https:\/\/nemesisexologia.com\/ca\/nosaltres\/","og_locale":"ca_ES","og_type":"article","og_title":"Nosaltres - Nemesis sexolog\u00eda","og_description":"NOSALTRES Nemesis Institut de Sexologia A NEMESIS SEXOLOGIA la nostra missi\u00f3 \u00e9s acompanyar les persones en les diferents etapes de la seva sexualitat: inf\u00e0ncia, pubertat, adolesc\u00e8ncia, adultesa, part i postpart, maduresa\u2026 i \u00e9s que entendre que a cada etapa canviem i evolucionem ens permet gaudir i gaudir d&#8217;una sexualitat positiva. Transformem vides des de l&#8217;educaci\u00f3, [&hellip;]","og_url":"https:\/\/nemesisexologia.com\/ca\/nosaltres\/","og_site_name":"Nemesis sexolog\u00eda","article_modified_time":"2025-06-29T14:31:40+00:00","og_image":[{"width":843,"height":1265,"url":"https:\/\/nemesisexologia.com\/wp-content\/uploads\/2024\/10\/461179441_1264488004512872_8007881345269969637_n.jpg","type":"image\/jpeg"}],"twitter_card":"summary_large_image","twitter_misc":{"Temps estimat de lectura":"1 minut"},"schema":{"@context":"https:\/\/schema.org","@graph":[{"@type":"WebPage","@id":"https:\/\/nemesisexologia.com\/ca\/nosaltres\/","url":"https:\/\/nemesisexologia.com\/ca\/nosaltres\/","name":"Nosaltres - Nemesis sexolog\u00eda","isPartOf":{"@id":"https:\/\/nemesisexologia.com\/ca\/#website"},"primaryImageOfPage":{"@id":"https:\/\/nemesisexologia.com\/ca\/nosaltres\/#primaryimage"},"image":{"@id":"https:\/\/nemesisexologia.com\/ca\/nosaltres\/#primaryimage"},"thumbnailUrl":"https:\/\/nemesisexologia.com\/wp-content\/uploads\/2024\/10\/461179441_1264488004512872_8007881345269969637_n.jpg","datePublished":"2024-10-25T12:03:18+00:00","dateModified":"2025-06-29T14:31:40+00:00","breadcrumb":{"@id":"https:\/\/nemesisexologia.com\/ca\/nosaltres\/#breadcrumb"},"inLanguage":"ca","potentialAction":[{"@type":"ReadAction","target":["https:\/\/nemesisexologia.com\/ca\/nosaltres\/"]}]},{"@type":"ImageObject","inLanguage":"ca","@id":"https:\/\/nemesisexologia.com\/ca\/nosaltres\/#primaryimage","url":"https:\/\/nemesisexologia.com\/wp-content\/uploads\/2024\/10\/461179441_1264488004512872_8007881345269969637_n.jpg","contentUrl":"https:\/\/nemesisexologia.com\/wp-content\/uploads\/2024\/10\/461179441_1264488004512872_8007881345269969637_n.jpg"},{"@type":"BreadcrumbList","@id":"https:\/\/nemesisexologia.com\/ca\/nosaltres\/#breadcrumb","itemListElement":[{"@type":"ListItem","position":1,"name":"Portada","item":"https:\/\/nemesisexologia.com\/ca\/"},{"@type":"ListItem","position":2,"name":"Nosaltres"}]},{"@type":"WebSite","@id":"https:\/\/nemesisexologia.com\/ca\/#website","url":"https:\/\/nemesisexologia.com\/ca\/","name":"Nemesis sexolog\u00eda","description":"Instituo de Sexolog\u00eda","potentialAction":[{"@type":"SearchAction","target":{"@type":"EntryPoint","urlTemplate":"https:\/\/nemesisexologia.com\/ca\/?s={search_term_string}"},"query-input":{"@type":"PropertyValueSpecification","valueRequired":true,"valueName":"search_term_string"}}],"inLanguage":"ca"}]}},"_links":{"self":[{"href":"https:\/\/nemesisexologia.com\/ca\/wp-json\/wp\/v2\/pages\/1311","targetHints":{"allow":["GET"]}}],"collection":[{"href":"https:\/\/nemesisexologia.com\/ca\/wp-json\/wp\/v2\/pages"}],"about":[{"href":"https:\/\/nemesisexologia.com\/ca\/wp-json\/wp\/v2\/types\/page"}],"author":[{"embeddable":true,"href":"https:\/\/nemesisexologia.com\/ca\/wp-json\/wp\/v2\/users\/1"}],"replies":[{"embeddable":true,"href":"https:\/\/nemesisexologia.com\/ca\/wp-json\/wp\/v2\/comments?post=1311"}],"version-history":[{"count":1,"href":"https:\/\/nemesisexologia.com\/ca\/wp-json\/wp\/v2\/pages\/1311\/revisions"}],"predecessor-version":[{"id":1314,"href":"https:\/\/nemesisexologia.com\/ca\/wp-json\/wp\/v2\/pages\/1311\/revisions\/1314"}],"wp:attachment":[{"href":"https:\/\/nemesisexologia.com\/ca\/wp-json\/wp\/v2\/media?parent=1311"}],"curies":[{"name":"wp","href":"https:\/\/api.w.org\/{rel}","templated":true}]}}