{"id":1282,"date":"2024-10-25T14:04:29","date_gmt":"2024-10-25T12:04:29","guid":{"rendered":"https:\/\/nemesisexologia.com\/contactans\/"},"modified":"2025-06-29T16:22:53","modified_gmt":"2025-06-29T14:22:53","slug":"contactans","status":"publish","type":"page","link":"https:\/\/nemesisexologia.com\/ca\/contactans\/","title":{"rendered":"Contacta&#8217;ns"},"content":{"rendered":"\t\t<div data-elementor-type=\"wp-page\" data-elementor-id=\"1282\" class=\"elementor elementor-1282 elementor-122\" data-elementor-post-type=\"page\">\n\t\t\t\t<div class=\"elementor-element elementor-element-d5f6921 e-flex e-con-boxed e-con e-parent\" data-id=\"d5f6921\" data-element_type=\"container\">\n\t\t\t\t\t<div class=\"e-con-inner\">\n\t\t\t\t<div class=\"elementor-element elementor-element-b60b9fa elementor-widget elementor-widget-heading\" data-id=\"b60b9fa\" data-element_type=\"widget\" data-widget_type=\"heading.default\">\n\t\t\t\t<div class=\"elementor-widget-container\">\n\t\t\t\t\t<h2 class=\"elementor-heading-title elementor-size-default\">Contacte<\/h2>\t\t\t\t<\/div>\n\t\t\t\t<\/div>\n\t\t\t\t<div class=\"elementor-element elementor-element-29897c9 elementor-align-left elementor-widget elementor-widget-breadcrumbs\" data-id=\"29897c9\" data-element_type=\"widget\" data-widget_type=\"breadcrumbs.default\">\n\t\t\t\t<div class=\"elementor-widget-container\">\n\t\t\t\t\t<p id=\"breadcrumbs\"><span><span><a href=\"https:\/\/nemesisexologia.com\/ca\/\">Portada<\/a><\/span><\/span><\/p>\t\t\t\t<\/div>\n\t\t\t\t<\/div>\n\t\t\t\t\t<\/div>\n\t\t\t\t<\/div>\n\t\t<div class=\"elementor-element elementor-element-d8165a5 e-flex e-con-boxed e-con e-parent\" data-id=\"d8165a5\" data-element_type=\"container\">\n\t\t\t\t\t<div class=\"e-con-inner\">\n\t\t<div class=\"elementor-element elementor-element-85702de e-con-full e-flex e-con e-child\" data-id=\"85702de\" data-element_type=\"container\">\n\t\t\t\t<div class=\"elementor-element elementor-element-e1e25d2 elementor-widget elementor-widget-heading\" data-id=\"e1e25d2\" data-element_type=\"widget\" data-widget_type=\"heading.default\">\n\t\t\t\t<div class=\"elementor-widget-container\">\n\t\t\t\t\t<h2 class=\"elementor-heading-title elementor-size-default\">Omple el formulari<\/h2>\t\t\t\t<\/div>\n\t\t\t\t<\/div>\n\t\t\t\t<div class=\"elementor-element elementor-element-6119fe7 elementor-widget elementor-widget-text-editor\" data-id=\"6119fe7\" data-element_type=\"widget\" data-widget_type=\"text-editor.default\">\n\t\t\t\t<div class=\"elementor-widget-container\">\n\t\t\t\t\t\t\t\t\t<p>Explica&#8217;ns qu\u00e8 necessites o qualsevol dubte que tinguis i ens posarem en contacte amb tu.<\/p>\n\t\t\t\t\t\t\t\t<\/div>\n\t\t\t\t<\/div>\n\t\t\t\t<div class=\"elementor-element elementor-element-bacc5cc elementor-widget elementor-widget-shortcode\" data-id=\"bacc5cc\" data-element_type=\"widget\" data-widget_type=\"shortcode.default\">\n\t\t\t\t<div class=\"elementor-widget-container\">\n\t\t\t\t\t\t\t<div class=\"elementor-shortcode\">\n<div class=\"wpcf7 no-js\" id=\"wpcf7-f4-o1\" lang=\"es-ES\" dir=\"ltr\" data-wpcf7-id=\"4\">\n<div class=\"screen-reader-response\"><p role=\"status\" aria-live=\"polite\" aria-atomic=\"true\"><\/p> <ul><\/ul><\/div>\n<form action=\"\/ca\/wp-json\/wp\/v2\/pages\/1282#wpcf7-f4-o1\" method=\"post\" class=\"wpcf7-form init wpcf7-acceptance-as-validation\" aria-label=\"Formulario de contacto\" novalidate=\"novalidate\" data-status=\"init\">\n<div style=\"display: none;\">\n<input type=\"hidden\" name=\"_wpcf7\" value=\"4\" \/>\n<input type=\"hidden\" name=\"_wpcf7_version\" value=\"6.0.1\" \/>\n<input type=\"hidden\" name=\"_wpcf7_locale\" value=\"es_ES\" \/>\n<input type=\"hidden\" name=\"_wpcf7_unit_tag\" value=\"wpcf7-f4-o1\" \/>\n<input type=\"hidden\" name=\"_wpcf7_container_post\" value=\"0\" \/>\n<input type=\"hidden\" name=\"_wpcf7_posted_data_hash\" value=\"\" \/>\n<input type=\"hidden\" name=\"_wpcf7_recaptcha_response\" value=\"\" \/>\n<\/div>\n<p><label for=\"your-name\"> Tu nombre*<br \/>\n<span class=\"wpcf7-form-control-wrap\" data-name=\"your-name\"><input size=\"40\" maxlength=\"400\" class=\"wpcf7-form-control wpcf7-text wpcf7-validates-as-required\" id=\"your-name\" aria-required=\"true\" aria-invalid=\"false\" value=\"\" type=\"text\" name=\"your-name\" \/><\/span> <\/label>\n<\/p>\n<p><label for=\"your-email\"> Tu correo electr\u00f3nico*<br \/>\n<span class=\"wpcf7-form-control-wrap\" data-name=\"your-email\"><input size=\"40\" maxlength=\"400\" class=\"wpcf7-form-control wpcf7-email wpcf7-validates-as-required wpcf7-text wpcf7-validates-as-email\" id=\"your-email\" aria-required=\"true\" aria-invalid=\"false\" value=\"\" type=\"email\" name=\"your-email\" \/><\/span> <\/label>\n<\/p>\n<p><label for=\"your-phone\"> Tu tel\u00e9fono*<br \/>\n<span class=\"wpcf7-form-control-wrap\" data-name=\"your-phone\"><input size=\"40\" maxlength=\"400\" class=\"wpcf7-form-control wpcf7-tel wpcf7-validates-as-required wpcf7-text wpcf7-validates-as-tel\" id=\"your-phone\" aria-required=\"true\" aria-invalid=\"false\" value=\"\" type=\"tel\" name=\"your-phone\" \/><\/span> <\/label>\n<\/p>\n<p><label for=\"your-desplegable\"> \u00bfC\u00f3mo podemos ayudarte?<br \/>\n<span class=\"wpcf7-form-control-wrap\" data-name=\"your-request\"><select class=\"wpcf7-form-control wpcf7-select\" aria-invalid=\"false\" name=\"your-request\"><option value=\"\">&#8212;Por favor, elige una opci\u00f3n&#8212;<\/option><option value=\"Cursos\">Cursos<\/option><option value=\"Asesoramiento Sexol\u00f3gico\">Asesoramiento Sexol\u00f3gico<\/option><option value=\"Divulgaci\u00f3n\">Divulgaci\u00f3n<\/option><\/select><\/span> <\/label>\n<\/p>\n<p><label for=\"your-message\"> Mensaje<br \/>\n<span class=\"wpcf7-form-control-wrap\" data-name=\"your-message\"><textarea cols=\"40\" rows=\"3\" maxlength=\"2000\" class=\"wpcf7-form-control wpcf7-textarea\" id=\"your-message\" aria-invalid=\"false\" name=\"your-message\"><\/textarea><\/span> <\/label>\n<\/p>\n<p><label  for=\"acceptance-100\"><span class=\"wpcf7-form-control-wrap\" data-name=\"acceptance-100\"><span class=\"wpcf7-form-control wpcf7-acceptance\"><span class=\"wpcf7-list-item\"><label><input type=\"checkbox\" name=\"acceptance-100\" value=\"1\" id=\"acceptance-100\" aria-invalid=\"false\" \/><span class=\"wpcf7-list-item-label\">Acepto el <a href=\"https:\/\/nemesisexologia.com\/aviso-legal\/\">Av\u00eds legal<\/a> y la <a href=\"https:\/\/nemesisexologia.com\/politica-de-privacidad\/\">Pol\u00edtica de privacitat<\/a>.<\/span><\/label><\/span><\/span><\/span><\/label>\n<\/p>\n<div class=\"wpcf7-response-output\" aria-hidden=\"true\"><\/div>\n<p><input class=\"wpcf7-form-control wpcf7-submit has-spinner\" type=\"submit\" value=\"Enviar\" \/>\n<\/p>\n<p class=\"wpcf7-legend\">Responsable del fichero:NEMESIS INSTITUT DE SEXOLOGIA, SL;CIF: B13838685; Finalidad: env\u00edo de informaci\u00f3n sobre productos y servicios propios al suscrito. Legitimaci\u00f3n: consentimiento; Destinatarios: no se comunicar\u00e1n los datos a terceros, salvo obligaci\u00f3n legal; Derechos: acceder, rectificar y suprimir los datos, as\u00ed como otros derechos, como se explica en la informaci\u00f3n adicional. <a href=\"https:\/\/nemesisexologia.com\/politica-de-privacidad\/\" target=\"_blank\" rel=\"nofollow\">M\u00e1s informaci\u00f3n en nuestra Pol\u00edtica de Privacidad.<\/a>\n<\/p>\n<p class=\"wpcf7-legend\">Los campos marcados con <abbr class=\"required\" title=\"obligatorio\">*<\/abbr> son necesarios para llevar a cabo el proceso de env\u00edo.\n<\/p>\n<\/form>\n<\/div>\n<\/div>\n\t\t\t\t\t\t<\/div>\n\t\t\t\t<\/div>\n\t\t\t\t<\/div>\n\t\t<div class=\"elementor-element elementor-element-43027f9 e-con-full e-flex e-con e-child\" data-id=\"43027f9\" data-element_type=\"container\">\n\t\t<div class=\"elementor-element elementor-element-b40d931 e-con-full e-flex e-con e-child\" data-id=\"b40d931\" data-element_type=\"container\" data-settings=\"{&quot;background_background&quot;:&quot;classic&quot;}\">\n\t\t\t\t<div class=\"elementor-element elementor-element-dea5f48 elementor-view-default elementor-position-top elementor-mobile-position-top elementor-widget elementor-widget-icon-box\" data-id=\"dea5f48\" data-element_type=\"widget\" data-widget_type=\"icon-box.default\">\n\t\t\t\t<div class=\"elementor-widget-container\">\n\t\t\t\t\t\t\t<div class=\"elementor-icon-box-wrapper\">\n\n\t\t\t\t\t\t<div class=\"elementor-icon-box-icon\">\n\t\t\t\t<a href=\"tel:0034611129332\" class=\"elementor-icon elementor-animation-\" tabindex=\"-1\">\n\t\t\t\t<i aria-hidden=\"true\" class=\"fas fa-phone-volume\"><\/i>\t\t\t\t<\/a>\n\t\t\t<\/div>\n\t\t\t\n\t\t\t\t\t\t<div class=\"elementor-icon-box-content\">\n\n\t\t\t\t\t\t\t\t\t<h3 class=\"elementor-icon-box-title\">\n\t\t\t\t\t\t<a href=\"tel:0034611129332\" >\n\t\t\t\t\t\t\t611 129 332\t\t\t\t\t\t<\/a>\n\t\t\t\t\t<\/h3>\n\t\t\t\t\n\t\t\t\t\n\t\t\t<\/div>\n\t\t\t\n\t\t<\/div>\n\t\t\t\t\t\t<\/div>\n\t\t\t\t<\/div>\n\t\t\t\t<\/div>\n\t\t<div class=\"elementor-element elementor-element-fef5906 e-con-full e-flex e-con e-child\" data-id=\"fef5906\" data-element_type=\"container\" data-settings=\"{&quot;background_background&quot;:&quot;classic&quot;}\">\n\t\t\t\t<div class=\"elementor-element elementor-element-bca4614 elementor-view-default elementor-position-top elementor-mobile-position-top elementor-widget elementor-widget-icon-box\" data-id=\"bca4614\" data-element_type=\"widget\" data-widget_type=\"icon-box.default\">\n\t\t\t\t<div class=\"elementor-widget-container\">\n\t\t\t\t\t\t\t<div class=\"elementor-icon-box-wrapper\">\n\n\t\t\t\t\t\t<div class=\"elementor-icon-box-icon\">\n\t\t\t\t<a href=\"mailto:maria@nemesisexologia.com\" class=\"elementor-icon elementor-animation-\" tabindex=\"-1\">\n\t\t\t\t<i aria-hidden=\"true\" class=\"fas fa-envelope-open-text\"><\/i>\t\t\t\t<\/a>\n\t\t\t<\/div>\n\t\t\t\n\t\t\t\t\t\t<div class=\"elementor-icon-box-content\">\n\n\t\t\t\t\t\t\t\t\t<h3 class=\"elementor-icon-box-title\">\n\t\t\t\t\t\t<a href=\"mailto:maria@nemesisexologia.com\" >\n\t\t\t\t\t\t\tmaria@nemesisexologia.com\t\t\t\t\t\t<\/a>\n\t\t\t\t\t<\/h3>\n\t\t\t\t\n\t\t\t\t\n\t\t\t<\/div>\n\t\t\t\n\t\t<\/div>\n\t\t\t\t\t\t<\/div>\n\t\t\t\t<\/div>\n\t\t\t\t<\/div>\n\t\t<div class=\"elementor-element elementor-element-4b9d254 e-con-full e-flex e-con e-child\" data-id=\"4b9d254\" data-element_type=\"container\">\n\t\t\t\t<div class=\"elementor-element elementor-element-6cd3324 elementor-widget elementor-widget-heading\" data-id=\"6cd3324\" data-element_type=\"widget\" data-widget_type=\"heading.default\">\n\t\t\t\t<div class=\"elementor-widget-container\">\n\t\t\t\t\t<h2 class=\"elementor-heading-title elementor-size-default\">Segueix-nos a les nostres xarxes<\/h2>\t\t\t\t<\/div>\n\t\t\t\t<\/div>\n\t\t\t\t<div class=\"elementor-element elementor-element-36e449c e-grid-align-left elementor-shape-rounded elementor-grid-0 elementor-widget elementor-widget-social-icons\" data-id=\"36e449c\" data-element_type=\"widget\" data-widget_type=\"social-icons.default\">\n\t\t\t\t<div class=\"elementor-widget-container\">\n\t\t\t\t\t\t\t<div class=\"elementor-social-icons-wrapper elementor-grid\">\n\t\t\t\t\t\t\t<span class=\"elementor-grid-item\">\n\t\t\t\t\t<a class=\"elementor-icon elementor-social-icon elementor-social-icon-instagram elementor-repeater-item-bb16618\" href=\"https:\/\/www.instagram.com\/nemesisexologia\/\" target=\"_blank\">\n\t\t\t\t\t\t<span class=\"elementor-screen-only\">Instagram<\/span>\n\t\t\t\t\t\t<i class=\"fab fa-instagram\"><\/i>\t\t\t\t\t<\/a>\n\t\t\t\t<\/span>\n\t\t\t\t\t\t\t<span class=\"elementor-grid-item\">\n\t\t\t\t\t<a class=\"elementor-icon elementor-social-icon elementor-social-icon- elementor-repeater-item-9896a22\" href=\"https:\/\/www.tiktok.com\/@nemesisexologia\" target=\"_blank\">\n\t\t\t\t\t\t<span class=\"elementor-screen-only\"><\/span>\n\t\t\t\t\t\t<svg xmlns=\"http:\/\/www.w3.org\/2000\/svg\" width=\"800\" height=\"800\" viewBox=\"0 0 800 800\" fill=\"none\"><path d=\"M652.966 222.867C619.678 215.746 589.533 198.178 566.928 172.725C544.323 147.272 530.439 115.264 527.3 81.3667V66.6667H412.466V522.4C412.395 542.576 406.004 562.222 394.192 578.579C382.379 594.935 365.738 607.179 346.608 613.59C327.478 620.001 306.819 620.257 287.536 614.322C268.253 608.387 251.314 596.559 239.1 580.5C226.696 564.173 219.815 544.319 219.455 523.817C219.096 503.316 225.275 483.233 237.099 466.48C248.922 449.728 265.774 437.177 285.211 430.647C304.649 424.118 325.66 423.95 345.2 430.167V313.5C301.628 307.477 257.264 315.223 218.311 335.656C179.359 356.088 147.768 388.185 127.956 427.456C108.144 466.728 101.102 511.21 107.816 554.68C114.53 598.151 134.663 638.436 165.4 669.9C194.712 699.892 232.296 720.469 273.355 729.004C314.414 737.539 357.085 733.646 395.921 717.821C434.758 701.996 467.998 674.957 491.398 640.156C514.798 605.355 527.297 564.37 527.3 522.433V289.567C573.708 322.745 629.352 340.535 686.4 340.433V226.333C675.165 226.347 663.959 225.185 652.966 222.867Z\" fill=\"white\"><\/path><\/svg>\t\t\t\t\t<\/a>\n\t\t\t\t<\/span>\n\t\t\t\t\t\t\t<span class=\"elementor-grid-item\">\n\t\t\t\t\t<a class=\"elementor-icon elementor-social-icon elementor-social-icon-linkedin elementor-repeater-item-79e5cbf\" href=\"https:\/\/www.linkedin.com\/in\/mar%C3%ADa-margalejo-valle-4013a0339\" target=\"_blank\">\n\t\t\t\t\t\t<span class=\"elementor-screen-only\">Linkedin<\/span>\n\t\t\t\t\t\t<i class=\"fab fa-linkedin\"><\/i>\t\t\t\t\t<\/a>\n\t\t\t\t<\/span>\n\t\t\t\t\t<\/div>\n\t\t\t\t\t\t<\/div>\n\t\t\t\t<\/div>\n\t\t\t\t<div class=\"elementor-element elementor-element-7b2f8c1 elementor-widget elementor-widget-image\" data-id=\"7b2f8c1\" data-element_type=\"widget\" data-widget_type=\"image.default\">\n\t\t\t\t<div class=\"elementor-widget-container\">\n\t\t\t\t\t\t\t\t\t\t\t\t\t\t\t<img fetchpriority=\"high\" decoding=\"async\" width=\"683\" height=\"1024\" src=\"https:\/\/nemesisexologia.com\/wp-content\/uploads\/2024\/12\/contacto-maria-683x1024.jpg\" class=\"attachment-large size-large wp-image-1284\" alt=\"\" srcset=\"https:\/\/nemesisexologia.com\/wp-content\/uploads\/2024\/12\/contacto-maria-683x1024.jpg 683w, https:\/\/nemesisexologia.com\/wp-content\/uploads\/2024\/12\/contacto-maria-200x300.jpg 200w, https:\/\/nemesisexologia.com\/wp-content\/uploads\/2024\/12\/contacto-maria-768x1152.jpg 768w, https:\/\/nemesisexologia.com\/wp-content\/uploads\/2024\/12\/contacto-maria.jpg 1000w\" sizes=\"(max-width: 683px) 100vw, 683px\" \/>\t\t\t\t\t\t\t\t\t\t\t\t\t\t\t<\/div>\n\t\t\t\t<\/div>\n\t\t\t\t<\/div>\n\t\t\t\t<\/div>\n\t\t\t\t\t<\/div>\n\t\t\t\t<\/div>\n\t\t\t\t<\/div>\n\t\t","protected":false},"excerpt":{"rendered":"<p>Contacte Omple el formulari Explica&#8217;ns qu\u00e8 necessites o qualsevol dubte que tinguis i ens posarem en contacte amb tu. 611 129 332 maria@nemesisexologia.com Segueix-nos a les nostres xarxes Instagram Linkedin<\/p>\n","protected":false},"author":1,"featured_media":0,"parent":0,"menu_order":6,"comment_status":"closed","ping_status":"closed","template":"","meta":{"_acf_changed":false,"site-sidebar-layout":"no-sidebar","site-content-layout":"page-builder","ast-site-content-layout":"full-width-container","site-content-style":"default","site-sidebar-style":"default","ast-global-header-display":"","ast-banner-title-visibility":"","ast-main-header-display":"","ast-hfb-above-header-display":"","ast-hfb-below-header-display":"","ast-hfb-mobile-header-display":"","site-post-title":"disabled","ast-breadcrumbs-content":"","ast-featured-img":"disabled","footer-sml-layout":"","theme-transparent-header-meta":"default","adv-header-id-meta":"","stick-header-meta":"","header-above-stick-meta":"","header-main-stick-meta":"","header-below-stick-meta":"","astra-migrate-meta-layouts":"default","ast-page-background-enabled":"default","ast-page-background-meta":{"desktop":{"background-color":"var(--ast-global-color-4)","background-image":"","background-repeat":"repeat","background-position":"center center","background-size":"auto","background-attachment":"scroll","background-type":"","background-media":"","overlay-type":"","overlay-color":"","overlay-opacity":"","overlay-gradient":""},"tablet":{"background-color":"","background-image":"","background-repeat":"repeat","background-position":"center center","background-size":"auto","background-attachment":"scroll","background-type":"","background-media":"","overlay-type":"","overlay-color":"","overlay-opacity":"","overlay-gradient":""},"mobile":{"background-color":"","background-image":"","background-repeat":"repeat","background-position":"center center","background-size":"auto","background-attachment":"scroll","background-type":"","background-media":"","overlay-type":"","overlay-color":"","overlay-opacity":"","overlay-gradient":""}},"ast-content-background-meta":{"desktop":{"background-color":"var(--ast-global-color-5)","background-image":"","background-repeat":"repeat","background-position":"center center","background-size":"auto","background-attachment":"scroll","background-type":"","background-media":"","overlay-type":"","overlay-color":"","overlay-opacity":"","overlay-gradient":""},"tablet":{"background-color":"var(--ast-global-color-5)","background-image":"","background-repeat":"repeat","background-position":"center center","background-size":"auto","background-attachment":"scroll","background-type":"","background-media":"","overlay-type":"","overlay-color":"","overlay-opacity":"","overlay-gradient":""},"mobile":{"background-color":"var(--ast-global-color-5)","background-image":"","background-repeat":"repeat","background-position":"center center","background-size":"auto","background-attachment":"scroll","background-type":"","background-media":"","overlay-type":"","overlay-color":"","overlay-opacity":"","overlay-gradient":""}},"footnotes":""},"class_list":["post-1282","page","type-page","status-publish","hentry"],"acf":[],"yoast_head":"<!-- This site is optimized with the Yoast SEO plugin v24.1 - https:\/\/yoast.com\/wordpress\/plugins\/seo\/ -->\n<title>Contacta&#039;ns - Nemesis sexolog\u00eda<\/title>\n<meta name=\"robots\" content=\"index, follow, max-snippet:-1, max-image-preview:large, max-video-preview:-1\" \/>\n<link rel=\"canonical\" href=\"https:\/\/nemesisexologia.com\/ca\/contactans\/\" \/>\n<meta property=\"og:locale\" content=\"ca_ES\" \/>\n<meta property=\"og:type\" content=\"article\" \/>\n<meta property=\"og:title\" content=\"Contacta&#039;ns - Nemesis sexolog\u00eda\" \/>\n<meta property=\"og:description\" content=\"Contacte Omple el formulari Explica&#8217;ns qu\u00e8 necessites o qualsevol dubte que tinguis i ens posarem en contacte amb tu. 611 129 332 maria@nemesisexologia.com Segueix-nos a les nostres xarxes Instagram Linkedin\" \/>\n<meta property=\"og:url\" content=\"https:\/\/nemesisexologia.com\/ca\/contactans\/\" \/>\n<meta property=\"og:site_name\" content=\"Nemesis sexolog\u00eda\" \/>\n<meta property=\"article:modified_time\" content=\"2025-06-29T14:22:53+00:00\" \/>\n<meta property=\"og:image\" content=\"https:\/\/nemesisexologia.com\/wp-content\/uploads\/2024\/12\/contacto-maria.jpg\" \/>\n\t<meta property=\"og:image:width\" content=\"1000\" \/>\n\t<meta property=\"og:image:height\" content=\"1500\" \/>\n\t<meta property=\"og:image:type\" content=\"image\/jpeg\" \/>\n<meta name=\"twitter:card\" content=\"summary_large_image\" \/>\n<script type=\"application\/ld+json\" class=\"yoast-schema-graph\">{\"@context\":\"https:\/\/schema.org\",\"@graph\":[{\"@type\":\"WebPage\",\"@id\":\"https:\/\/nemesisexologia.com\/ca\/contactans\/\",\"url\":\"https:\/\/nemesisexologia.com\/ca\/contactans\/\",\"name\":\"Contacta'ns - Nemesis sexolog\u00eda\",\"isPartOf\":{\"@id\":\"https:\/\/nemesisexologia.com\/ca\/#website\"},\"primaryImageOfPage\":{\"@id\":\"https:\/\/nemesisexologia.com\/ca\/contactans\/#primaryimage\"},\"image\":{\"@id\":\"https:\/\/nemesisexologia.com\/ca\/contactans\/#primaryimage\"},\"thumbnailUrl\":\"https:\/\/nemesisexologia.com\/wp-content\/uploads\/2024\/12\/contacto-maria-683x1024.jpg\",\"datePublished\":\"2024-10-25T12:04:29+00:00\",\"dateModified\":\"2025-06-29T14:22:53+00:00\",\"breadcrumb\":{\"@id\":\"https:\/\/nemesisexologia.com\/ca\/contactans\/#breadcrumb\"},\"inLanguage\":\"ca\",\"potentialAction\":[{\"@type\":\"ReadAction\",\"target\":[\"https:\/\/nemesisexologia.com\/ca\/contactans\/\"]}]},{\"@type\":\"ImageObject\",\"inLanguage\":\"ca\",\"@id\":\"https:\/\/nemesisexologia.com\/ca\/contactans\/#primaryimage\",\"url\":\"https:\/\/nemesisexologia.com\/wp-content\/uploads\/2024\/12\/contacto-maria-683x1024.jpg\",\"contentUrl\":\"https:\/\/nemesisexologia.com\/wp-content\/uploads\/2024\/12\/contacto-maria-683x1024.jpg\"},{\"@type\":\"BreadcrumbList\",\"@id\":\"https:\/\/nemesisexologia.com\/ca\/contactans\/#breadcrumb\",\"itemListElement\":[{\"@type\":\"ListItem\",\"position\":1,\"name\":\"Portada\",\"item\":\"https:\/\/nemesisexologia.com\/ca\/\"},{\"@type\":\"ListItem\",\"position\":2,\"name\":\"Contacta&#8217;ns\"}]},{\"@type\":\"WebSite\",\"@id\":\"https:\/\/nemesisexologia.com\/ca\/#website\",\"url\":\"https:\/\/nemesisexologia.com\/ca\/\",\"name\":\"Nemesis sexolog\u00eda\",\"description\":\"Instituo de Sexolog\u00eda\",\"potentialAction\":[{\"@type\":\"SearchAction\",\"target\":{\"@type\":\"EntryPoint\",\"urlTemplate\":\"https:\/\/nemesisexologia.com\/ca\/?s={search_term_string}\"},\"query-input\":{\"@type\":\"PropertyValueSpecification\",\"valueRequired\":true,\"valueName\":\"search_term_string\"}}],\"inLanguage\":\"ca\"}]}<\/script>\n<!-- \/ Yoast SEO plugin. -->","yoast_head_json":{"title":"Contacta'ns - Nemesis sexolog\u00eda","robots":{"index":"index","follow":"follow","max-snippet":"max-snippet:-1","max-image-preview":"max-image-preview:large","max-video-preview":"max-video-preview:-1"},"canonical":"https:\/\/nemesisexologia.com\/ca\/contactans\/","og_locale":"ca_ES","og_type":"article","og_title":"Contacta'ns - Nemesis sexolog\u00eda","og_description":"Contacte Omple el formulari Explica&#8217;ns qu\u00e8 necessites o qualsevol dubte que tinguis i ens posarem en contacte amb tu. 611 129 332 maria@nemesisexologia.com Segueix-nos a les nostres xarxes Instagram Linkedin","og_url":"https:\/\/nemesisexologia.com\/ca\/contactans\/","og_site_name":"Nemesis sexolog\u00eda","article_modified_time":"2025-06-29T14:22:53+00:00","og_image":[{"width":1000,"height":1500,"url":"https:\/\/nemesisexologia.com\/wp-content\/uploads\/2024\/12\/contacto-maria.jpg","type":"image\/jpeg"}],"twitter_card":"summary_large_image","schema":{"@context":"https:\/\/schema.org","@graph":[{"@type":"WebPage","@id":"https:\/\/nemesisexologia.com\/ca\/contactans\/","url":"https:\/\/nemesisexologia.com\/ca\/contactans\/","name":"Contacta'ns - Nemesis sexolog\u00eda","isPartOf":{"@id":"https:\/\/nemesisexologia.com\/ca\/#website"},"primaryImageOfPage":{"@id":"https:\/\/nemesisexologia.com\/ca\/contactans\/#primaryimage"},"image":{"@id":"https:\/\/nemesisexologia.com\/ca\/contactans\/#primaryimage"},"thumbnailUrl":"https:\/\/nemesisexologia.com\/wp-content\/uploads\/2024\/12\/contacto-maria-683x1024.jpg","datePublished":"2024-10-25T12:04:29+00:00","dateModified":"2025-06-29T14:22:53+00:00","breadcrumb":{"@id":"https:\/\/nemesisexologia.com\/ca\/contactans\/#breadcrumb"},"inLanguage":"ca","potentialAction":[{"@type":"ReadAction","target":["https:\/\/nemesisexologia.com\/ca\/contactans\/"]}]},{"@type":"ImageObject","inLanguage":"ca","@id":"https:\/\/nemesisexologia.com\/ca\/contactans\/#primaryimage","url":"https:\/\/nemesisexologia.com\/wp-content\/uploads\/2024\/12\/contacto-maria-683x1024.jpg","contentUrl":"https:\/\/nemesisexologia.com\/wp-content\/uploads\/2024\/12\/contacto-maria-683x1024.jpg"},{"@type":"BreadcrumbList","@id":"https:\/\/nemesisexologia.com\/ca\/contactans\/#breadcrumb","itemListElement":[{"@type":"ListItem","position":1,"name":"Portada","item":"https:\/\/nemesisexologia.com\/ca\/"},{"@type":"ListItem","position":2,"name":"Contacta&#8217;ns"}]},{"@type":"WebSite","@id":"https:\/\/nemesisexologia.com\/ca\/#website","url":"https:\/\/nemesisexologia.com\/ca\/","name":"Nemesis sexolog\u00eda","description":"Instituo de Sexolog\u00eda","potentialAction":[{"@type":"SearchAction","target":{"@type":"EntryPoint","urlTemplate":"https:\/\/nemesisexologia.com\/ca\/?s={search_term_string}"},"query-input":{"@type":"PropertyValueSpecification","valueRequired":true,"valueName":"search_term_string"}}],"inLanguage":"ca"}]}},"_links":{"self":[{"href":"https:\/\/nemesisexologia.com\/ca\/wp-json\/wp\/v2\/pages\/1282","targetHints":{"allow":["GET"]}}],"collection":[{"href":"https:\/\/nemesisexologia.com\/ca\/wp-json\/wp\/v2\/pages"}],"about":[{"href":"https:\/\/nemesisexologia.com\/ca\/wp-json\/wp\/v2\/types\/page"}],"author":[{"embeddable":true,"href":"https:\/\/nemesisexologia.com\/ca\/wp-json\/wp\/v2\/users\/1"}],"replies":[{"embeddable":true,"href":"https:\/\/nemesisexologia.com\/ca\/wp-json\/wp\/v2\/comments?post=1282"}],"version-history":[{"count":1,"href":"https:\/\/nemesisexologia.com\/ca\/wp-json\/wp\/v2\/pages\/1282\/revisions"}],"predecessor-version":[{"id":1285,"href":"https:\/\/nemesisexologia.com\/ca\/wp-json\/wp\/v2\/pages\/1282\/revisions\/1285"}],"wp:attachment":[{"href":"https:\/\/nemesisexologia.com\/ca\/wp-json\/wp\/v2\/media?parent=1282"}],"curies":[{"name":"wp","href":"https:\/\/api.w.org\/{rel}","templated":true}]}}